{"id":102,"date":"2017-01-19T14:10:22","date_gmt":"2017-01-19T13:10:22","guid":{"rendered":"http:\/\/kg-nobitz.de\/kgno\/?page_id=102"},"modified":"2017-01-19T14:10:22","modified_gmt":"2017-01-19T13:10:22","slug":"frauenhilfe","status":"publish","type":"page","link":"https:\/\/kg-nobitz.de\/kgno\/frauenhilfe\/","title":{"rendered":"Frauenhilfe"},"content":{"rendered":"<p><span style=\"font-family: Verdana,Tahoma,Arial,Helvetica,Sans Serif; font-size: small;\"><img data-recalc-dims=\"1\" loading=\"lazy\" decoding=\"async\" data-attachment-id=\"28\" data-permalink=\"https:\/\/kg-nobitz.de\/kgno\/frauenhilfe\/frauenhilfe\/\" data-orig-file=\"https:\/\/i0.wp.com\/kg-nobitz.de\/kgno\/wp-content\/uploads\/2017\/01\/Frauenhilfe.jpg?fit=612%2C816&amp;ssl=1\" data-orig-size=\"612,816\" data-comments-opened=\"1\" data-image-meta=\"{&quot;aperture&quot;:&quot;2.6&quot;,&quot;credit&quot;:&quot;&quot;,&quot;camera&quot;:&quot;GT-I9300&quot;,&quot;caption&quot;:&quot;&quot;,&quot;created_timestamp&quot;:&quot;1481032236&quot;,&quot;copyright&quot;:&quot;&quot;,&quot;focal_length&quot;:&quot;3.7&quot;,&quot;iso&quot;:&quot;100&quot;,&quot;shutter_speed&quot;:&quot;0.030303030303&quot;,&quot;title&quot;:&quot;&quot;,&quot;orientation&quot;:&quot;1&quot;}\" data-image-title=\"Frauenhilfe\" data-image-description=\"\" data-image-caption=\"\" data-large-file=\"https:\/\/i0.wp.com\/kg-nobitz.de\/kgno\/wp-content\/uploads\/2017\/01\/Frauenhilfe.jpg?fit=612%2C816&amp;ssl=1\" class=\"alignright size-medium wp-image-28\" src=\"https:\/\/i0.wp.com\/kg-nobitz.de\/kgno\/wp-content\/uploads\/2017\/01\/Frauenhilfe.jpg?resize=225%2C300&#038;ssl=1\" alt=\"\" width=\"225\" height=\"300\" srcset=\"https:\/\/i0.wp.com\/kg-nobitz.de\/kgno\/wp-content\/uploads\/2017\/01\/Frauenhilfe.jpg?resize=225%2C300&amp;ssl=1 225w, https:\/\/i0.wp.com\/kg-nobitz.de\/kgno\/wp-content\/uploads\/2017\/01\/Frauenhilfe.jpg?w=612&amp;ssl=1 612w\" sizes=\"auto, (max-width: 225px) 85vw, 225px\" \/>Seit vielen Jahren findet in der Kirchgemeinde einmal monatlich (jeden dritten Dienstag) eine Veranstaltung der evangelischen Frauenhilfe statt. Dabei kommen Seniorinnen aus unserer Kirchgemeinde zusammen.\u00a0<\/span><\/p>\n<p><span style=\"font-family: Verdana,Tahoma,Arial,Helvetica,Sans Serif; font-size: small;\">Ausgestaltet werden diese Treffen von Frau Walther und Frau Burck. Oft fertigen unsere Mitarbeiter kleine \u00dcberraschungen f\u00fcr die Seniorinnen an. Diese Veranstaltungen werden von Pastorin Frau Schneider-Krosse mit einer Andacht er\u00f6ffnet, es werden Lieder gesungen und gemeinsam gebetet. Es gibt w\u00e4hrend des Treffens immer einen unterhaltsamen Teil, es werden Geschichten oder Gedichte vorgetragen, ab und zu sind Dia-Vortr\u00e4ge zu sehen. Auch ein buntes Programm in Altenburger Mundart wurde schon durchgef\u00fchrt.\u00a0<\/span><\/p>\n<p><span style=\"font-family: Verdana,Tahoma,Arial,Helvetica,Sans Serif; font-size: small;\">Anschlie\u00dfend ist viel Zeit zum Gespr\u00e4ch miteinander bei Kaffee und Kuchen. Fr\u00fcher war die Frauenhilfe oft auch die Gruppe, aus der die Kirchgemeinde die meisten ehrenamtlichen Mitarbeiter hatte.<\/p>\n<p>Doch heute k\u00f6nnen viele einfach aus Altersgr\u00fcnden nicht mehr aktiv mitarbeiten. Deshalb freuen sich die Seniorinnen, da\u00df sie sich wenigstens hier noch einmal im Monat treffen k\u00f6nnen, Gottes Wort h\u00f6ren und miteinander erz\u00e4hlen k\u00f6nnen.<\/span><\/p>\n","protected":false},"excerpt":{"rendered":"<p>Seit vielen Jahren findet in der Kirchgemeinde einmal monatlich (jeden dritten Dienstag) eine Veranstaltung der evangelischen Frauenhilfe statt. Dabei kommen Seniorinnen aus unserer Kirchgemeinde zusammen.\u00a0 Ausgestaltet werden diese Treffen von Frau Walther und Frau Burck. Oft fertigen unsere Mitarbeiter kleine \u00dcberraschungen f\u00fcr die Seniorinnen an. Diese Veranstaltungen werden von Pastorin Frau Schneider-Krosse mit einer Andacht &hellip; <a href=\"https:\/\/kg-nobitz.de\/kgno\/frauenhilfe\/\" class=\"more-link\"><span class=\"screen-reader-text\">\u201eFrauenhilfe\u201c <\/span>weiterlesen<\/a><\/p>\n","protected":false},"author":1,"featured_media":0,"parent":0,"menu_order":0,"comment_status":"closed","ping_status":"closed","template":"","meta":{"jetpack_post_was_ever_published":false,"footnotes":""},"class_list":["post-102","page","type-page","status-publish","hentry"],"jetpack_sharing_enabled":true,"jetpack_shortlink":"https:\/\/wp.me\/P9WLS9-1E","jetpack-related-posts":[],"_links":{"self":[{"href":"https:\/\/kg-nobitz.de\/kgno\/wp-json\/wp\/v2\/pages\/102","targetHints":{"allow":["GET"]}}],"collection":[{"href":"https:\/\/kg-nobitz.de\/kgno\/wp-json\/wp\/v2\/pages"}],"about":[{"href":"https:\/\/kg-nobitz.de\/kgno\/wp-json\/wp\/v2\/types\/page"}],"author":[{"embeddable":true,"href":"https:\/\/kg-nobitz.de\/kgno\/wp-json\/wp\/v2\/users\/1"}],"replies":[{"embeddable":true,"href":"https:\/\/kg-nobitz.de\/kgno\/wp-json\/wp\/v2\/comments?post=102"}],"version-history":[{"count":1,"href":"https:\/\/kg-nobitz.de\/kgno\/wp-json\/wp\/v2\/pages\/102\/revisions"}],"predecessor-version":[{"id":103,"href":"https:\/\/kg-nobitz.de\/kgno\/wp-json\/wp\/v2\/pages\/102\/revisions\/103"}],"wp:attachment":[{"href":"https:\/\/kg-nobitz.de\/kgno\/wp-json\/wp\/v2\/media?parent=102"}],"curies":[{"name":"wp","href":"https:\/\/api.w.org\/{rel}","templated":true}]}}