{"id":104,"date":"2017-01-19T14:11:37","date_gmt":"2017-01-19T13:11:37","guid":{"rendered":"http:\/\/kg-nobitz.de\/kgno\/?page_id=104"},"modified":"2017-01-19T22:03:45","modified_gmt":"2017-01-19T21:03:45","slug":"mitarbeiter","status":"publish","type":"page","link":"https:\/\/kg-nobitz.de\/kgno\/mitarbeiter\/","title":{"rendered":"Mitarbeiter"},"content":{"rendered":"<div align=\"leftr\">\n<p align=\"right\"><span style=\"font-family: Verdana,Tahoma,Arial,Helvetica,Sans Serif; font-size: small;\"><strong>\u00a0&#8230; die Mitarbeiter<\/strong><\/span><\/p>\n<\/div>\n<p><span style=\"font-family: Verdana,Tahoma,Arial,Helvetica,Sans Serif; font-size: small;\">In einer Zeit der knappen Kassen in unseren Kirchen, ist die ehrenamtliche Mitarbeit unserer Gemeindeglieder besonders wichtig.<\/span><\/p>\n<p>Wir haben ehrenamtliche Mitarbeiter in allen Bereichen unseres Gemeindelebens:<\/p>\n<ul>\n<li><span style=\"font-family: Verdana,Tahoma,Arial,Helvetica,Sans Serif; font-size: small;\">Kinder- und Jugendarbeit \u00a0 \u00a0 \u00a0 \u00a0 \u00a0 \u00a0 \u00a0 \u00a0 \u00a0 \u00a0 \u00a0 \u00a0 \u00a0 \u00a0 \u00a0 \u00a0 \u00a0 \u00a0 \u00a0 \u00a0 \u00a0 \u00a0\u00a0<\/span><\/li>\n<li><span style=\"font-family: Verdana,Tahoma,Arial,Helvetica,Sans Serif; font-size: small;\">Frauenarbeit\u00a0<\/span><\/li>\n<li><span style=\"font-family: Verdana,Tahoma,Arial,Helvetica,Sans Serif; font-size: small;\">Seniorenarbeit<\/span><\/li>\n<li><span style=\"font-family: Verdana,Tahoma,Arial,Helvetica,Sans Serif; font-size: small;\">Kirchenchor und kirchenmusikalische Arbeit\u00a0<\/span><\/li>\n<li><span style=\"font-family: Verdana,Tahoma,Arial,Helvetica,Sans Serif; font-size: small;\">Gesch\u00e4ftsf\u00fchrung und Kirchrechnung\u00a0<\/span><\/li>\n<li><span style=\"font-family: Verdana,Tahoma,Arial,Helvetica,Sans Serif; font-size: small;\">Hausmeisterarbeit und Friedhof\u00a0<\/span>\u00a0<span style=\"font-family: Verdana,Tahoma,Arial,Helvetica,Sans Serif; font-size: small;\">\u00a0<\/span><\/li>\n<li><span style=\"font-family: Verdana,Tahoma,Arial,Helvetica,Sans Serif; font-size: small;\">und noch vieles mehr. <\/span><\/li>\n<\/ul>\n<p><span style=\"font-size: small;\"><span style=\"font-family: Verdana,Tahoma,Arial,Helvetica,Sans Serif;\">Einige Mitarbeiter, besonders im Bereich Hausmeisterarbeit und Friedhof, sind als geringf\u00fcgig Besch\u00e4ftigte angestellt.<\/span><\/span><\/p>\n<p>Es ist wichtig, da\u00df die Mitarbeit auf viele Schultern gelegt wird, so da\u00df der einzelne Mitarbeiter in seinem ehrenamtlichen Engangement nicht \u00fcberfordert ist.<\/p>\n","protected":false},"excerpt":{"rendered":"<p>\u00a0&#8230; die Mitarbeiter In einer Zeit der knappen Kassen in unseren Kirchen, ist die ehrenamtliche Mitarbeit unserer Gemeindeglieder besonders wichtig. Wir haben ehrenamtliche Mitarbeiter in allen Bereichen unseres Gemeindelebens: Kinder- und Jugendarbeit \u00a0 \u00a0 \u00a0 \u00a0 \u00a0 \u00a0 \u00a0 \u00a0 \u00a0 \u00a0 \u00a0 \u00a0 \u00a0 \u00a0 \u00a0 \u00a0 \u00a0 \u00a0 \u00a0 \u00a0 \u00a0 \u00a0\u00a0 Frauenarbeit\u00a0 &hellip; <a href=\"https:\/\/kg-nobitz.de\/kgno\/mitarbeiter\/\" class=\"more-link\"><span class=\"screen-reader-text\">\u201eMitarbeiter\u201c <\/span>weiterlesen<\/a><\/p>\n","protected":false},"author":1,"featured_media":0,"parent":0,"menu_order":0,"comment_status":"closed","ping_status":"closed","template":"","meta":{"jetpack_post_was_ever_published":false,"footnotes":""},"class_list":["post-104","page","type-page","status-publish","hentry"],"jetpack_sharing_enabled":true,"jetpack_shortlink":"https:\/\/wp.me\/P9WLS9-1G","jetpack-related-posts":[],"_links":{"self":[{"href":"https:\/\/kg-nobitz.de\/kgno\/wp-json\/wp\/v2\/pages\/104","targetHints":{"allow":["GET"]}}],"collection":[{"href":"https:\/\/kg-nobitz.de\/kgno\/wp-json\/wp\/v2\/pages"}],"about":[{"href":"https:\/\/kg-nobitz.de\/kgno\/wp-json\/wp\/v2\/types\/page"}],"author":[{"embeddable":true,"href":"https:\/\/kg-nobitz.de\/kgno\/wp-json\/wp\/v2\/users\/1"}],"replies":[{"embeddable":true,"href":"https:\/\/kg-nobitz.de\/kgno\/wp-json\/wp\/v2\/comments?post=104"}],"version-history":[{"count":2,"href":"https:\/\/kg-nobitz.de\/kgno\/wp-json\/wp\/v2\/pages\/104\/revisions"}],"predecessor-version":[{"id":138,"href":"https:\/\/kg-nobitz.de\/kgno\/wp-json\/wp\/v2\/pages\/104\/revisions\/138"}],"wp:attachment":[{"href":"https:\/\/kg-nobitz.de\/kgno\/wp-json\/wp\/v2\/media?parent=104"}],"curies":[{"name":"wp","href":"https:\/\/api.w.org\/{rel}","templated":true}]}}