{"id":106,"date":"2017-01-19T14:12:51","date_gmt":"2017-01-19T13:12:51","guid":{"rendered":"http:\/\/kg-nobitz.de\/kgno\/?page_id=106"},"modified":"2017-01-19T14:27:12","modified_gmt":"2017-01-19T13:27:12","slug":"kirchenchor","status":"publish","type":"page","link":"https:\/\/kg-nobitz.de\/kgno\/kirchenchor\/","title":{"rendered":"Kirchenchor"},"content":{"rendered":"<p><span style=\"font-family: Verdana,Tahoma,Arial,Helvetica,Sans Serif; font-size: small;\"><strong>Unser Kirchenchor<\/strong><\/span><\/p>\n<p><span style=\"font-family: Verdana,Tahoma,Arial,Helvetica,Sans Serif; font-size: small;\">Wir suchen noch dringend fr\u00f6hliche und singfreudige Mitglieder f\u00fcr unseren Kirchenchor, unter der Leitung von Frau Pia Pr\u00f6hl.<\/span><\/p>\n","protected":false},"excerpt":{"rendered":"<p>Unser Kirchenchor Wir suchen noch dringend fr\u00f6hliche und singfreudige Mitglieder f\u00fcr unseren Kirchenchor, unter der Leitung von Frau Pia Pr\u00f6hl.<\/p>\n","protected":false},"author":1,"featured_media":0,"parent":0,"menu_order":0,"comment_status":"closed","ping_status":"closed","template":"","meta":{"jetpack_post_was_ever_published":false,"footnotes":""},"class_list":["post-106","page","type-page","status-publish","hentry"],"jetpack_sharing_enabled":true,"jetpack_shortlink":"https:\/\/wp.me\/P9WLS9-1I","jetpack-related-posts":[],"_links":{"self":[{"href":"https:\/\/kg-nobitz.de\/kgno\/wp-json\/wp\/v2\/pages\/106","targetHints":{"allow":["GET"]}}],"collection":[{"href":"https:\/\/kg-nobitz.de\/kgno\/wp-json\/wp\/v2\/pages"}],"about":[{"href":"https:\/\/kg-nobitz.de\/kgno\/wp-json\/wp\/v2\/types\/page"}],"author":[{"embeddable":true,"href":"https:\/\/kg-nobitz.de\/kgno\/wp-json\/wp\/v2\/users\/1"}],"replies":[{"embeddable":true,"href":"https:\/\/kg-nobitz.de\/kgno\/wp-json\/wp\/v2\/comments?post=106"}],"version-history":[{"count":2,"href":"https:\/\/kg-nobitz.de\/kgno\/wp-json\/wp\/v2\/pages\/106\/revisions"}],"predecessor-version":[{"id":128,"href":"https:\/\/kg-nobitz.de\/kgno\/wp-json\/wp\/v2\/pages\/106\/revisions\/128"}],"wp:attachment":[{"href":"https:\/\/kg-nobitz.de\/kgno\/wp-json\/wp\/v2\/media?parent=106"}],"curies":[{"name":"wp","href":"https:\/\/api.w.org\/{rel}","templated":true}]}}