{"id":118,"date":"2017-01-19T14:20:11","date_gmt":"2017-01-19T13:20:11","guid":{"rendered":"http:\/\/kg-nobitz.de\/kgno\/?page_id=118"},"modified":"2017-01-19T14:20:11","modified_gmt":"2017-01-19T13:20:11","slug":"kirche-nobitz-3","status":"publish","type":"page","link":"https:\/\/kg-nobitz.de\/kgno\/kirche-nobitz-3\/","title":{"rendered":"Kirche Nobitz"},"content":{"rendered":"<div align=\"leftr\">\n<p align=\"right\"><span style=\"font-family: Verdana,Tahoma,Arial,Helvetica,Sans Serif; font-size: small;\"><strong>\u00a0&#8230; die Kirche in Nobitz<\/strong><\/span><\/p>\n<\/div>\n<p align=\"left\"><span id=\"font1\"><span style=\"font-family: Verdana,Tahoma,Arial,Helvetica,Sans Serif; font-size: small;\"><img data-recalc-dims=\"1\" loading=\"lazy\" decoding=\"async\" data-attachment-id=\"66\" data-permalink=\"https:\/\/kg-nobitz.de\/kgno\/kirchen\/kirchenobitz\/\" data-orig-file=\"https:\/\/i0.wp.com\/kg-nobitz.de\/kgno\/wp-content\/uploads\/2017\/01\/kirchenobitz.jpg?fit=140%2C140&amp;ssl=1\" data-orig-size=\"140,140\" data-comments-opened=\"1\" data-image-meta=\"{&quot;aperture&quot;:&quot;0&quot;,&quot;credit&quot;:&quot;&quot;,&quot;camera&quot;:&quot;&quot;,&quot;caption&quot;:&quot;&quot;,&quot;created_timestamp&quot;:&quot;0&quot;,&quot;copyright&quot;:&quot;&quot;,&quot;focal_length&quot;:&quot;0&quot;,&quot;iso&quot;:&quot;0&quot;,&quot;shutter_speed&quot;:&quot;0&quot;,&quot;title&quot;:&quot;&quot;,&quot;orientation&quot;:&quot;0&quot;}\" data-image-title=\"kirchenobitz\" data-image-description=\"\" data-image-caption=\"\" data-large-file=\"https:\/\/i0.wp.com\/kg-nobitz.de\/kgno\/wp-content\/uploads\/2017\/01\/kirchenobitz.jpg?fit=140%2C140&amp;ssl=1\" class=\"alignright size-full wp-image-66\" src=\"https:\/\/i0.wp.com\/kg-nobitz.de\/kgno\/wp-content\/uploads\/2017\/01\/kirchenobitz.jpg?resize=140%2C140&#038;ssl=1\" alt=\"\" width=\"140\" height=\"140\" \/>Die Nobitzer\u00a0Kirche liegt mitten im Dorf auf einer kleinen Anh\u00f6he und ist im klassizistischen Stil gebaut und zeichnet sich durch seine Regelm\u00e4\u00dfigkeit, Helligkeit und einfache geschmackvolle Verzierung aus. Die Kirche wurde von 1991 bis 1993 von au\u00dfen umfassend saniert. Im Inneren ist sie in einem sehr schlechten Zustand, aber f\u00fcr diese Sanierung fehlen zur Zeit die Gelder.<\/p>\n<p>Von Pfingsten bis zum Erntedankfest werden regelm\u00e4\u00dfig die Gottesdienste in der Kirche gehalten. Au\u00dferdem werden Konfirmationen, Hochzeiten, Goldene Konfirmationen und Kirchweihfeste in der Kirche gefeiert. Aber auch in der Woche ist sie f\u00fcr jeden Besucher offen!<br \/>\n<\/span><\/span><span style=\"font-family: Verdana,Tahoma,Arial,Helvetica,Sans Serif; font-size: small;\">Die Gottesdienste \u00fcber den Winter finden im Gemeindesaal im Pfarrhaus statt.<\/p>\n<p>Eine Kirche wurde in Nobitz bereits um das Jahr 1166 erw\u00e4hnt. Dies geht aus der Chronik &#8222;Geschichten der Kirchen und Schulen&#8220; von den Heimatforschern J. u E. L\u00f6be hervor. Im Laufe der Jahrhunderte wurde diese durch mehrere Umbauten und Reparaturen ver\u00e4ndert.<\/p>\n<p>1819 wurde die Kirche durch einen kalten Wetterschlag so stark besch\u00e4digt, da\u00df sie bis auf die Grundmauern abgerissen werden mu\u00dfte. Die Kirchfahrt beschlo\u00df statt einer kostenspieligen Reparatur einen Neubau auszuf\u00fchren. 1822 wurde der Grundstein der neuen Kirche nach einer Zeichnung des Baumeisters Geinitz in Altenburg gelegt.<br \/>\n<\/span><br \/>\n<span id=\"font1\"><span style=\"font-family: Verdana,Tahoma,Arial,Helvetica,Sans Serif; font-size: small;\">Der Bau ging rasch vor sich, der Dachstuhl des Schiffes war bereits gerichtet und der Turm hatte von den Mauern seine H\u00f6he erhalten , als am 18.10. 1823 des Abends 9 Uhr der Turm zusammenbrach und in die Kirche hineinst\u00fcrzte. \u00dcber den Einsturz spottete der Volkswitz: &#8222;Aus Buttermilch und Sauerkraut ist der Nobitzer Kirchturm gebaut&#8220;. Nach eineinhalb Jahren wurde der Bau wieder aufgenommen und erreichte 1829 seine gl\u00fcckliche Vollendung. Die neue Kirche wurde am 27. September 1829 durch den damaligen Vicar, Herrn Geheimen Consistorialrat Dr. Gro\u00dfe feierlich eingeweiht.<\/p>\n<p><img data-recalc-dims=\"1\" loading=\"lazy\" decoding=\"async\" data-attachment-id=\"62\" data-permalink=\"https:\/\/kg-nobitz.de\/kgno\/kirche-nobitz-3\/kircheinnen\/\" data-orig-file=\"https:\/\/i0.wp.com\/kg-nobitz.de\/kgno\/wp-content\/uploads\/2017\/01\/kircheinnen.jpg?fit=360%2C248&amp;ssl=1\" data-orig-size=\"360,248\" data-comments-opened=\"1\" data-image-meta=\"{&quot;aperture&quot;:&quot;0&quot;,&quot;credit&quot;:&quot;&quot;,&quot;camera&quot;:&quot;&quot;,&quot;caption&quot;:&quot;&quot;,&quot;created_timestamp&quot;:&quot;0&quot;,&quot;copyright&quot;:&quot;&quot;,&quot;focal_length&quot;:&quot;0&quot;,&quot;iso&quot;:&quot;0&quot;,&quot;shutter_speed&quot;:&quot;0&quot;,&quot;title&quot;:&quot;&quot;,&quot;orientation&quot;:&quot;0&quot;}\" data-image-title=\"kircheinnen\" data-image-description=\"\" data-image-caption=\"\" data-large-file=\"https:\/\/i0.wp.com\/kg-nobitz.de\/kgno\/wp-content\/uploads\/2017\/01\/kircheinnen.jpg?fit=360%2C248&amp;ssl=1\" class=\"alignright size-medium wp-image-62\" src=\"https:\/\/i0.wp.com\/kg-nobitz.de\/kgno\/wp-content\/uploads\/2017\/01\/kircheinnen.jpg?resize=300%2C207&#038;ssl=1\" alt=\"\" width=\"300\" height=\"207\" srcset=\"https:\/\/i0.wp.com\/kg-nobitz.de\/kgno\/wp-content\/uploads\/2017\/01\/kircheinnen.jpg?resize=300%2C207&amp;ssl=1 300w, https:\/\/i0.wp.com\/kg-nobitz.de\/kgno\/wp-content\/uploads\/2017\/01\/kircheinnen.jpg?w=360&amp;ssl=1 360w\" sizes=\"auto, (max-width: 300px) 85vw, 300px\" \/>Die Kirche bildet ein l\u00e4ngliches Viereck mit Flachdecke und spitzbogigen Fenstern. An der Westseite befindet sich ein viereckiger Turm mit Helm, in diesem ist der Haupteingang und der Aufstieg zu den zwei Emporen. Das Geb\u00e4ude zeichnet sich durch seine Regelm\u00e4\u00dfigkeit, Helligkeit und einfache geschmackvolle Verzierung aus. Im \u00f6stlichen Teil der Kirche steht der Altar, \u00fcber dem sich die Kanzel befindet. Ihr gegen\u00fcber im westlichen Teil steht die Orgel, welche 1828 vom Orgelbauer Poppe aus Stadtroda gefertigt wurde. In dieser sind einige Register aus der Vorg\u00e4ngerorgel von Trost enthalten.<\/p>\n<p>Seit vielen Jahren ist die Orgel nicht mehr spielbar, eine Reparatur w\u00fcrde ca. 100 000 Euro kosten, um diesen Betrag aufzubringen ist die Kirchgemeinde auf Spenden angewiesen. Mit Unterst\u00fctzung der Partnergemeinde Bopfingen konnte 1995 eine Computerorgel angeschafft werden, mit der die Zeit bis zur Instandsetzung der alten Orgel \u00fcberbr\u00fcckt werden soll.<\/span><\/span><\/p>\n","protected":false},"excerpt":{"rendered":"<p>\u00a0&#8230; die Kirche in Nobitz Die Nobitzer\u00a0Kirche liegt mitten im Dorf auf einer kleinen Anh\u00f6he und ist im klassizistischen Stil gebaut und zeichnet sich durch seine Regelm\u00e4\u00dfigkeit, Helligkeit und einfache geschmackvolle Verzierung aus. Die Kirche wurde von 1991 bis 1993 von au\u00dfen umfassend saniert. Im Inneren ist sie in einem sehr schlechten Zustand, aber f\u00fcr &hellip; <a href=\"https:\/\/kg-nobitz.de\/kgno\/kirche-nobitz-3\/\" class=\"more-link\"><span class=\"screen-reader-text\">\u201eKirche Nobitz\u201c <\/span>weiterlesen<\/a><\/p>\n","protected":false},"author":1,"featured_media":0,"parent":0,"menu_order":0,"comment_status":"closed","ping_status":"closed","template":"","meta":{"jetpack_post_was_ever_published":false,"footnotes":""},"class_list":["post-118","page","type-page","status-publish","hentry"],"jetpack_sharing_enabled":true,"jetpack_shortlink":"https:\/\/wp.me\/P9WLS9-1U","jetpack-related-posts":[],"_links":{"self":[{"href":"https:\/\/kg-nobitz.de\/kgno\/wp-json\/wp\/v2\/pages\/118","targetHints":{"allow":["GET"]}}],"collection":[{"href":"https:\/\/kg-nobitz.de\/kgno\/wp-json\/wp\/v2\/pages"}],"about":[{"href":"https:\/\/kg-nobitz.de\/kgno\/wp-json\/wp\/v2\/types\/page"}],"author":[{"embeddable":true,"href":"https:\/\/kg-nobitz.de\/kgno\/wp-json\/wp\/v2\/users\/1"}],"replies":[{"embeddable":true,"href":"https:\/\/kg-nobitz.de\/kgno\/wp-json\/wp\/v2\/comments?post=118"}],"version-history":[{"count":1,"href":"https:\/\/kg-nobitz.de\/kgno\/wp-json\/wp\/v2\/pages\/118\/revisions"}],"predecessor-version":[{"id":119,"href":"https:\/\/kg-nobitz.de\/kgno\/wp-json\/wp\/v2\/pages\/118\/revisions\/119"}],"wp:attachment":[{"href":"https:\/\/kg-nobitz.de\/kgno\/wp-json\/wp\/v2\/media?parent=118"}],"curies":[{"name":"wp","href":"https:\/\/api.w.org\/{rel}","templated":true}]}}