{"id":120,"date":"2017-01-19T14:22:12","date_gmt":"2017-01-19T13:22:12","guid":{"rendered":"http:\/\/kg-nobitz.de\/kgno\/?page_id=120"},"modified":"2017-01-19T14:22:12","modified_gmt":"2017-01-19T13:22:12","slug":"kirche-kraschwitz","status":"publish","type":"page","link":"https:\/\/kg-nobitz.de\/kgno\/kirche-kraschwitz\/","title":{"rendered":"Kirche Kraschwitz"},"content":{"rendered":"<div align=\"leftr\">\n<p align=\"right\"><span style=\"font-family: Verdana,Tahoma,Arial,Helvetica,Sans Serif; font-size: small;\"><strong>&#8230; die Kirche in\u00a0Kraschwitz<\/strong><\/span><\/p>\n<\/div>\n<p align=\"left\"><span style=\"font-family: Verdana,Tahoma,Arial,Helvetica,Sans Serif; font-size: small;\"><img data-recalc-dims=\"1\" loading=\"lazy\" decoding=\"async\" data-attachment-id=\"64\" data-permalink=\"https:\/\/kg-nobitz.de\/kgno\/kirchen\/kirchekrasch\/\" data-orig-file=\"https:\/\/i0.wp.com\/kg-nobitz.de\/kgno\/wp-content\/uploads\/2017\/01\/kirchekrasch.jpg?fit=140%2C160&amp;ssl=1\" data-orig-size=\"140,160\" data-comments-opened=\"1\" data-image-meta=\"{&quot;aperture&quot;:&quot;0&quot;,&quot;credit&quot;:&quot;&quot;,&quot;camera&quot;:&quot;&quot;,&quot;caption&quot;:&quot;&quot;,&quot;created_timestamp&quot;:&quot;0&quot;,&quot;copyright&quot;:&quot;&quot;,&quot;focal_length&quot;:&quot;0&quot;,&quot;iso&quot;:&quot;0&quot;,&quot;shutter_speed&quot;:&quot;0&quot;,&quot;title&quot;:&quot;&quot;,&quot;orientation&quot;:&quot;0&quot;}\" data-image-title=\"kirchekrasch\" data-image-description=\"\" data-image-caption=\"\" data-large-file=\"https:\/\/i0.wp.com\/kg-nobitz.de\/kgno\/wp-content\/uploads\/2017\/01\/kirchekrasch.jpg?fit=140%2C160&amp;ssl=1\" class=\"alignright size-full wp-image-64\" src=\"https:\/\/i0.wp.com\/kg-nobitz.de\/kgno\/wp-content\/uploads\/2017\/01\/kirchekrasch.jpg?resize=140%2C160&#038;ssl=1\" alt=\"\" width=\"140\" height=\"160\" \/>Die Kraschwitzer Kirche ist von der Gr\u00f6\u00dfe mehr eine Kapelle. Sie geh\u00f6rt zu den \u00e4ltesten, sch\u00f6nsten und kleinsten Bauwerken des Altenburger Landes. Sonntags finden schon seit 1838 bis heute regelm\u00e4\u00dfig 14-t\u00e4gig Gottesdienste statt und nat\u00fcrlich werden auch Hochtzeiten und Taufen gefeiert. <\/span><\/p>\n<p align=\"left\"><span style=\"font-family: Verdana,Tahoma,Arial,Helvetica,Sans Serif; font-size: small;\">Sie wurde im Jahre 1380 von den Br\u00fcdern Pruzze gestiftet und zu Ehren der heiligen Jungfrau Maria, des Apostels Jaccobus und der heiligen Barbara geweiht. 1467 geh\u00f6rte die Kapelle dem St. Georgenstift in Altenburg, 1540 war sie Tochterkirche von Windischleuba und seit 1882 geh\u00f6rt sie zur Kirchgemeinde Nobitz. <\/span><\/p>\n<p align=\"left\"><span style=\"font-family: Verdana,Tahoma,Arial,Helvetica,Sans Serif; font-size: small;\">Die einfache, kleine Kirche mit den Spitzbogenfenstern steht in der Mitte des Dorfes auf einer Anh\u00f6he. Im Inneren sind zwei Kreuzgew\u00f6lbe mit kehlprofilierten Porphyrrippen. <\/span><\/p>\n<p align=\"left\"><span style=\"font-family: Verdana,Tahoma,Arial,Helvetica,Sans Serif; font-size: small;\">1812 wurde die Kirche durch einen Brand, der auch einen Teil des Dorfes zerst\u00f6rte bedeutend besch\u00e4digt, das Dach verbrannte, die zwei kleinen Glocken zerschmolzen und nur durch das feste Gew\u00f6lbe wurde der untere Teil gerettet. Noch im gleichen Jahr wurde sie wieder hergestellt und zum Kirchweihfeste eingeweiht. 1818 wurden zwei neue Glocken angeschafft. Aber schon 1837 war die Kirche so bauf\u00e4llig geworden, da\u00df sie sich einer umfassenden Erneuerung unterziehen mu\u00dfte.<\/span><\/p>\n<p align=\"left\"><span style=\"font-family: Verdana,Tahoma,Arial,Helvetica,Sans Serif; font-size: small;\">An der Westseite wurde eine schmale Vorhalle mit einem etwas \u00fcberragenden Turm angebaut, auf dessen Dach sich ein kleiner achteckiger Tabernakelaufsatz mit Helm befindet. Durch den Anbau wurde die Kirche nicht nur freundlicher sondern auch ger\u00e4umiger. 1974 wurde das Dach neu eingedeckt. 1996 erfolgte mit Hilfe von F\u00f6rdermitteln und der Gemeinde Nobitz eine umfassende Au\u00dfenrenovierung der Kirche, dabei wurde das Kirchendach neu eingedeckt und der alte Turmkopf durch einen Nachgebauten ersetzt. Der Putz des Mauerwerkes wurde erneuert und farbig gestrichen. Die feierliche Wiedereinweihung der renovierten Kirche war am 18. August 1996. <\/span><\/p>\n<p align=\"left\"><span style=\"font-family: Verdana,Tahoma,Arial,Helvetica,Sans Serif; font-size: small;\">Im\u00a0Oktober 2016 \u00a0wurde in den Kirchturm eine Uhr eingebaut.<\/span><\/p>\n","protected":false},"excerpt":{"rendered":"<p>&#8230; die Kirche in\u00a0Kraschwitz Die Kraschwitzer Kirche ist von der Gr\u00f6\u00dfe mehr eine Kapelle. Sie geh\u00f6rt zu den \u00e4ltesten, sch\u00f6nsten und kleinsten Bauwerken des Altenburger Landes. Sonntags finden schon seit 1838 bis heute regelm\u00e4\u00dfig 14-t\u00e4gig Gottesdienste statt und nat\u00fcrlich werden auch Hochtzeiten und Taufen gefeiert. Sie wurde im Jahre 1380 von den Br\u00fcdern Pruzze gestiftet &hellip; <a href=\"https:\/\/kg-nobitz.de\/kgno\/kirche-kraschwitz\/\" class=\"more-link\"><span class=\"screen-reader-text\">\u201eKirche Kraschwitz\u201c <\/span>weiterlesen<\/a><\/p>\n","protected":false},"author":1,"featured_media":0,"parent":0,"menu_order":0,"comment_status":"closed","ping_status":"closed","template":"","meta":{"jetpack_post_was_ever_published":false,"footnotes":""},"class_list":["post-120","page","type-page","status-publish","hentry"],"jetpack_sharing_enabled":true,"jetpack_shortlink":"https:\/\/wp.me\/P9WLS9-1W","jetpack-related-posts":[],"_links":{"self":[{"href":"https:\/\/kg-nobitz.de\/kgno\/wp-json\/wp\/v2\/pages\/120","targetHints":{"allow":["GET"]}}],"collection":[{"href":"https:\/\/kg-nobitz.de\/kgno\/wp-json\/wp\/v2\/pages"}],"about":[{"href":"https:\/\/kg-nobitz.de\/kgno\/wp-json\/wp\/v2\/types\/page"}],"author":[{"embeddable":true,"href":"https:\/\/kg-nobitz.de\/kgno\/wp-json\/wp\/v2\/users\/1"}],"replies":[{"embeddable":true,"href":"https:\/\/kg-nobitz.de\/kgno\/wp-json\/wp\/v2\/comments?post=120"}],"version-history":[{"count":1,"href":"https:\/\/kg-nobitz.de\/kgno\/wp-json\/wp\/v2\/pages\/120\/revisions"}],"predecessor-version":[{"id":121,"href":"https:\/\/kg-nobitz.de\/kgno\/wp-json\/wp\/v2\/pages\/120\/revisions\/121"}],"wp:attachment":[{"href":"https:\/\/kg-nobitz.de\/kgno\/wp-json\/wp\/v2\/media?parent=120"}],"curies":[{"name":"wp","href":"https:\/\/api.w.org\/{rel}","templated":true}]}}