{"id":122,"date":"2017-01-19T14:23:50","date_gmt":"2017-01-19T13:23:50","guid":{"rendered":"http:\/\/kg-nobitz.de\/kgno\/?page_id=122"},"modified":"2017-01-19T14:23:50","modified_gmt":"2017-01-19T13:23:50","slug":"kirche-wilchwitz","status":"publish","type":"page","link":"https:\/\/kg-nobitz.de\/kgno\/kirche-wilchwitz\/","title":{"rendered":"Kirche Wilchwitz"},"content":{"rendered":"<div align=\"leftr\">\n<p align=\"right\"><span style=\"font-family: Verdana,Tahoma,Arial,Helvetica,Sans Serif; font-size: small;\"><strong>&#8230; die ehemalige Kirche in Wilchwitz<\/strong><\/span><\/p>\n<\/div>\n<p><span id=\"font1\"><span style=\"font-family: Verdana,Tahoma,Arial,Helvetica,Sans Serif; font-size: small;\"><img data-recalc-dims=\"1\" loading=\"lazy\" decoding=\"async\" data-attachment-id=\"68\" data-permalink=\"https:\/\/kg-nobitz.de\/kgno\/kirche-wilchwitz\/kirchewilchwitzii\/\" data-orig-file=\"https:\/\/i0.wp.com\/kg-nobitz.de\/kgno\/wp-content\/uploads\/2017\/01\/kirchewilchwitzII.jpg?fit=161%2C140&amp;ssl=1\" data-orig-size=\"161,140\" data-comments-opened=\"1\" data-image-meta=\"{&quot;aperture&quot;:&quot;0&quot;,&quot;credit&quot;:&quot;&quot;,&quot;camera&quot;:&quot;&quot;,&quot;caption&quot;:&quot;&quot;,&quot;created_timestamp&quot;:&quot;0&quot;,&quot;copyright&quot;:&quot;&quot;,&quot;focal_length&quot;:&quot;0&quot;,&quot;iso&quot;:&quot;0&quot;,&quot;shutter_speed&quot;:&quot;0&quot;,&quot;title&quot;:&quot;&quot;,&quot;orientation&quot;:&quot;0&quot;}\" data-image-title=\"kirchewilchwitzII\" data-image-description=\"\" data-image-caption=\"\" data-large-file=\"https:\/\/i0.wp.com\/kg-nobitz.de\/kgno\/wp-content\/uploads\/2017\/01\/kirchewilchwitzII.jpg?fit=161%2C140&amp;ssl=1\" class=\"alignright size-full wp-image-68\" src=\"https:\/\/i0.wp.com\/kg-nobitz.de\/kgno\/wp-content\/uploads\/2017\/01\/kirchewilchwitzII.jpg?resize=161%2C140&#038;ssl=1\" alt=\"\" width=\"161\" height=\"140\" \/>Die kleine Kirche oder Kapelle wurde in der Zeit vor der Reformation gebaut. Sie bildet ein l\u00e4ngliches Viereck mit Flachdecke und Rundbogenfenstern. Der 4,7 m lange Chor ist im gotischen Stil, das breite Langhaus ist sp\u00e4ter gebaut worden. Sie machte einen sauberen und freundlichen Eindruck. 1753 bekam die Kirche ein Orgelpositiv, welches im Jahre 1791 durch eine neue Orgel ersetzt wurde. Die Kirche wurde \u00f6fters restauriert, eine vollst\u00e4ndige Ziegelbedachung und innere Erneuerung erhielt sie im Jahre 1799. 1843 geschah wieder eine Reparatur im Inneren und an der Orgel. Das h\u00f6lzernen T\u00fcrmchen wurde 1805 repariert und mit Schiefer gedeckt. Auf ihm befanden sich zwei Glocken, eine von 1643 von Hans Berger in Weimar gegossene tr\u00e4gt die Umschrift: &#8222;Gott allein die Ehre&#8220;. Auf der Kleineren und weit \u00c4lteren steht: &#8222;Ave Maria, gratia, plena, dominus, tecum&#8220;. <\/span><\/span><\/p>\n<p><span style=\"font-family: Verdana,Tahoma,Arial,Helvetica,Sans Serif; font-size: small;\">1952 erfolgte ein umfassender Neuanstrich im Inneren der Kirche. Fr\u00fcher wurden hier nur Festtagspredigten abgehalten und seit Mitte des 18. Jahrhunderts fanden jeden ersten Sonntag im Monat Gottesdienste statt. Der letzte Gottesdienst wurde zum Erntefest 1969 abgehalten. <\/span><\/p>\n<p><span id=\"font1\"><span style=\"font-family: Verdana,Tahoma,Arial,Helvetica,Sans Serif; font-size: small;\"><img data-recalc-dims=\"1\" loading=\"lazy\" decoding=\"async\" data-attachment-id=\"67\" data-permalink=\"https:\/\/kg-nobitz.de\/kgno\/kirche-wilchwitz\/kirchewilch\/\" data-orig-file=\"https:\/\/i0.wp.com\/kg-nobitz.de\/kgno\/wp-content\/uploads\/2017\/01\/kirchewilch.jpg?fit=140%2C140&amp;ssl=1\" data-orig-size=\"140,140\" data-comments-opened=\"1\" data-image-meta=\"{&quot;aperture&quot;:&quot;0&quot;,&quot;credit&quot;:&quot;&quot;,&quot;camera&quot;:&quot;&quot;,&quot;caption&quot;:&quot;&quot;,&quot;created_timestamp&quot;:&quot;0&quot;,&quot;copyright&quot;:&quot;&quot;,&quot;focal_length&quot;:&quot;0&quot;,&quot;iso&quot;:&quot;0&quot;,&quot;shutter_speed&quot;:&quot;0&quot;,&quot;title&quot;:&quot;&quot;,&quot;orientation&quot;:&quot;0&quot;}\" data-image-title=\"kirchewilch\" data-image-description=\"\" data-image-caption=\"\" data-large-file=\"https:\/\/i0.wp.com\/kg-nobitz.de\/kgno\/wp-content\/uploads\/2017\/01\/kirchewilch.jpg?fit=140%2C140&amp;ssl=1\" class=\"alignleft size-full wp-image-67\" src=\"https:\/\/i0.wp.com\/kg-nobitz.de\/kgno\/wp-content\/uploads\/2017\/01\/kirchewilch.jpg?resize=140%2C140&#038;ssl=1\" alt=\"\" width=\"140\" height=\"140\" \/>Die Kirche befand sich in einem baulich schlechten Zustand und so wurde sie wegen Einsturzgefahr des Giebels bauaufsichtlich gesperrt. Eine Wiederherstellung w\u00e4re nur mit einem unvertretbar hohem Aufwand m\u00f6glich gewesen und so erfolgte im Jahr 1974 der Abri\u00df der Kirche. F\u00fcr unsere Kirchgemeinde konnte leider nur die Glocke in die Kirche Kraschwitz eingebaut werden, die noch gut erhaltene Orgel konnte aus Platzgr\u00fcnden nicht in der kleinen Kirche aufgestellt werden und so wurde sie in eine der Kirchen Hermsdorf, nach Obersdorf gegeben.<\/span><\/span><\/p>\n","protected":false},"excerpt":{"rendered":"<p>&#8230; die ehemalige Kirche in Wilchwitz Die kleine Kirche oder Kapelle wurde in der Zeit vor der Reformation gebaut. Sie bildet ein l\u00e4ngliches Viereck mit Flachdecke und Rundbogenfenstern. Der 4,7 m lange Chor ist im gotischen Stil, das breite Langhaus ist sp\u00e4ter gebaut worden. Sie machte einen sauberen und freundlichen Eindruck. 1753 bekam die Kirche &hellip; <a href=\"https:\/\/kg-nobitz.de\/kgno\/kirche-wilchwitz\/\" class=\"more-link\"><span class=\"screen-reader-text\">\u201eKirche Wilchwitz\u201c <\/span>weiterlesen<\/a><\/p>\n","protected":false},"author":1,"featured_media":0,"parent":0,"menu_order":0,"comment_status":"closed","ping_status":"closed","template":"","meta":{"jetpack_post_was_ever_published":false,"footnotes":""},"class_list":["post-122","page","type-page","status-publish","hentry"],"jetpack_sharing_enabled":true,"jetpack_shortlink":"https:\/\/wp.me\/P9WLS9-1Y","jetpack-related-posts":[],"_links":{"self":[{"href":"https:\/\/kg-nobitz.de\/kgno\/wp-json\/wp\/v2\/pages\/122","targetHints":{"allow":["GET"]}}],"collection":[{"href":"https:\/\/kg-nobitz.de\/kgno\/wp-json\/wp\/v2\/pages"}],"about":[{"href":"https:\/\/kg-nobitz.de\/kgno\/wp-json\/wp\/v2\/types\/page"}],"author":[{"embeddable":true,"href":"https:\/\/kg-nobitz.de\/kgno\/wp-json\/wp\/v2\/users\/1"}],"replies":[{"embeddable":true,"href":"https:\/\/kg-nobitz.de\/kgno\/wp-json\/wp\/v2\/comments?post=122"}],"version-history":[{"count":1,"href":"https:\/\/kg-nobitz.de\/kgno\/wp-json\/wp\/v2\/pages\/122\/revisions"}],"predecessor-version":[{"id":123,"href":"https:\/\/kg-nobitz.de\/kgno\/wp-json\/wp\/v2\/pages\/122\/revisions\/123"}],"wp:attachment":[{"href":"https:\/\/kg-nobitz.de\/kgno\/wp-json\/wp\/v2\/media?parent=122"}],"curies":[{"name":"wp","href":"https:\/\/api.w.org\/{rel}","templated":true}]}}