{"id":13,"date":"2016-11-17T06:42:52","date_gmt":"2016-11-17T05:42:52","guid":{"rendered":"http:\/\/kg-nobitz.de\/kgno\/?page_id=13"},"modified":"2026-04-16T22:59:35","modified_gmt":"2026-04-16T20:59:35","slug":"die-kirchgemeinde-nobitz","status":"publish","type":"page","link":"https:\/\/kg-nobitz.de\/kgno\/","title":{"rendered":"&#8230; die Kirchgemeinde Nobitz"},"content":{"rendered":"\n<figure class=\"wp-block-image size-full\"><img data-recalc-dims=\"1\" loading=\"lazy\" decoding=\"async\" width=\"840\" height=\"311\" data-attachment-id=\"1109\" data-permalink=\"https:\/\/kg-nobitz.de\/kgno\/die-kirchgemeinde-nobitz\/jahreslosung-2026-fb-titel\/\" data-orig-file=\"https:\/\/i0.wp.com\/kg-nobitz.de\/kgno\/wp-content\/uploads\/2026\/01\/jahreslosung-2026-fb-titel.png?fit=851%2C315&amp;ssl=1\" data-orig-size=\"851,315\" data-comments-opened=\"1\" data-image-meta=\"{&quot;aperture&quot;:&quot;0&quot;,&quot;credit&quot;:&quot;&quot;,&quot;camera&quot;:&quot;&quot;,&quot;caption&quot;:&quot;&quot;,&quot;created_timestamp&quot;:&quot;0&quot;,&quot;copyright&quot;:&quot;&quot;,&quot;focal_length&quot;:&quot;0&quot;,&quot;iso&quot;:&quot;0&quot;,&quot;shutter_speed&quot;:&quot;0&quot;,&quot;title&quot;:&quot;&quot;,&quot;orientation&quot;:&quot;0&quot;}\" data-image-title=\"jahreslosung 2026 fb titel\" data-image-description=\"\" data-image-caption=\"\" data-large-file=\"https:\/\/i0.wp.com\/kg-nobitz.de\/kgno\/wp-content\/uploads\/2026\/01\/jahreslosung-2026-fb-titel.png?fit=840%2C311&amp;ssl=1\" src=\"https:\/\/i0.wp.com\/kg-nobitz.de\/kgno\/wp-content\/uploads\/2026\/01\/jahreslosung-2026-fb-titel.png?resize=840%2C311&#038;ssl=1\" alt=\"\" class=\"wp-image-1109\" srcset=\"https:\/\/i0.wp.com\/kg-nobitz.de\/kgno\/wp-content\/uploads\/2026\/01\/jahreslosung-2026-fb-titel.png?w=851&amp;ssl=1 851w, https:\/\/i0.wp.com\/kg-nobitz.de\/kgno\/wp-content\/uploads\/2026\/01\/jahreslosung-2026-fb-titel.png?resize=300%2C111&amp;ssl=1 300w, https:\/\/i0.wp.com\/kg-nobitz.de\/kgno\/wp-content\/uploads\/2026\/01\/jahreslosung-2026-fb-titel.png?resize=768%2C284&amp;ssl=1 768w\" sizes=\"auto, (max-width: 709px) 85vw, (max-width: 909px) 67vw, (max-width: 1362px) 62vw, 840px\" \/><\/figure>\n\n\n\n<hr class=\"wp-block-separator has-alpha-channel-opacity is-style-dots\"\/>\n\n\n\n<h3 class=\"wp-block-heading\">Herzlich Willkommen auf der Webseite der Kirchgemeinde Nobitz<\/h3>\n\n\n\n<hr class=\"wp-block-separator has-alpha-channel-opacity\"\/>\n\n\n\n<p>Sie finden hier Informationen rund um unser Gemeindeleben, unsere Gemeindearbeit unsere Geschichte und unsere Veranstaltungen.<\/p>\n\n\n\n<p>Wir w\u00fcrden uns freuen, wenn Sie sich zu unserer Gemeinde einladen lassen.<br>Vielleicht k\u00f6nnen wir Sie bald bei einer unserer Veranstaltungen oder im Gottesdienst begr\u00fc\u00dfen.<\/p>\n\n\n<div class=\"wp-block-image\">\n<figure class=\"aligncenter size-large\"><img data-recalc-dims=\"1\" loading=\"lazy\" decoding=\"async\" width=\"840\" height=\"592\" data-attachment-id=\"1149\" data-permalink=\"https:\/\/kg-nobitz.de\/kgno\/die-kirchgemeinde-nobitz\/familienpaddeln_plakat_a5_quer_mit_grafik_vorschau\/\" data-orig-file=\"https:\/\/i0.wp.com\/kg-nobitz.de\/kgno\/wp-content\/uploads\/2026\/04\/Familienpaddeln_Plakat_A5_quer_mit_Grafik_Vorschau.png?fit=1654%2C1166&amp;ssl=1\" data-orig-size=\"1654,1166\" data-comments-opened=\"1\" data-image-meta=\"{&quot;aperture&quot;:&quot;0&quot;,&quot;credit&quot;:&quot;&quot;,&quot;camera&quot;:&quot;&quot;,&quot;caption&quot;:&quot;&quot;,&quot;created_timestamp&quot;:&quot;0&quot;,&quot;copyright&quot;:&quot;&quot;,&quot;focal_length&quot;:&quot;0&quot;,&quot;iso&quot;:&quot;0&quot;,&quot;shutter_speed&quot;:&quot;0&quot;,&quot;title&quot;:&quot;&quot;,&quot;orientation&quot;:&quot;0&quot;}\" data-image-title=\"Familienpaddeln_Plakat_A5_quer_mit_Grafik_Vorschau\" data-image-description=\"\" data-image-caption=\"\" data-large-file=\"https:\/\/i0.wp.com\/kg-nobitz.de\/kgno\/wp-content\/uploads\/2026\/04\/Familienpaddeln_Plakat_A5_quer_mit_Grafik_Vorschau.png?fit=840%2C592&amp;ssl=1\" src=\"https:\/\/i0.wp.com\/kg-nobitz.de\/kgno\/wp-content\/uploads\/2026\/04\/Familienpaddeln_Plakat_A5_quer_mit_Grafik_Vorschau.png?resize=840%2C592&#038;ssl=1\" alt=\"\" class=\"wp-image-1149\" srcset=\"https:\/\/i0.wp.com\/kg-nobitz.de\/kgno\/wp-content\/uploads\/2026\/04\/Familienpaddeln_Plakat_A5_quer_mit_Grafik_Vorschau.png?resize=1024%2C722&amp;ssl=1 1024w, https:\/\/i0.wp.com\/kg-nobitz.de\/kgno\/wp-content\/uploads\/2026\/04\/Familienpaddeln_Plakat_A5_quer_mit_Grafik_Vorschau.png?resize=300%2C211&amp;ssl=1 300w, https:\/\/i0.wp.com\/kg-nobitz.de\/kgno\/wp-content\/uploads\/2026\/04\/Familienpaddeln_Plakat_A5_quer_mit_Grafik_Vorschau.png?resize=768%2C541&amp;ssl=1 768w, https:\/\/i0.wp.com\/kg-nobitz.de\/kgno\/wp-content\/uploads\/2026\/04\/Familienpaddeln_Plakat_A5_quer_mit_Grafik_Vorschau.png?resize=1536%2C1083&amp;ssl=1 1536w, https:\/\/i0.wp.com\/kg-nobitz.de\/kgno\/wp-content\/uploads\/2026\/04\/Familienpaddeln_Plakat_A5_quer_mit_Grafik_Vorschau.png?resize=1200%2C846&amp;ssl=1 1200w, https:\/\/i0.wp.com\/kg-nobitz.de\/kgno\/wp-content\/uploads\/2026\/04\/Familienpaddeln_Plakat_A5_quer_mit_Grafik_Vorschau.png?w=1654&amp;ssl=1 1654w\" sizes=\"auto, (max-width: 709px) 85vw, (max-width: 909px) 67vw, (max-width: 1362px) 62vw, 840px\" \/><\/figure>\n<\/div>\n\n\n<p><\/p>\n\n\n<div class=\"wp-block-image\">\n<figure class=\"aligncenter size-full\"><a href=\"https:\/\/kirche-im-wieratal.de\/jesus-zu-gast-im-quellenhof-der-sinnenpark-in-garbisdorf-laedt-ein\/\" target=\"_blank\" rel=\" noreferrer noopener\"><img data-recalc-dims=\"1\" loading=\"lazy\" decoding=\"async\" width=\"840\" height=\"560\" data-attachment-id=\"1124\" data-permalink=\"https:\/\/kg-nobitz.de\/kgno\/die-kirchgemeinde-nobitz\/chatgpt-image-11-feb-2026-08_47_12\/\" data-orig-file=\"https:\/\/i0.wp.com\/kg-nobitz.de\/kgno\/wp-content\/uploads\/2026\/02\/ChatGPT-Image-11.-Feb.-2026-08_47_12.png?fit=1536%2C1024&amp;ssl=1\" data-orig-size=\"1536,1024\" data-comments-opened=\"1\" data-image-meta=\"{&quot;aperture&quot;:&quot;0&quot;,&quot;credit&quot;:&quot;&quot;,&quot;camera&quot;:&quot;&quot;,&quot;caption&quot;:&quot;&quot;,&quot;created_timestamp&quot;:&quot;0&quot;,&quot;copyright&quot;:&quot;&quot;,&quot;focal_length&quot;:&quot;0&quot;,&quot;iso&quot;:&quot;0&quot;,&quot;shutter_speed&quot;:&quot;0&quot;,&quot;title&quot;:&quot;&quot;,&quot;orientation&quot;:&quot;0&quot;}\" data-image-title=\"ChatGPT Image 11. Feb. 2026, 08_47_12\" data-image-description=\"\" data-image-caption=\"\" data-large-file=\"https:\/\/i0.wp.com\/kg-nobitz.de\/kgno\/wp-content\/uploads\/2026\/02\/ChatGPT-Image-11.-Feb.-2026-08_47_12.png?fit=840%2C560&amp;ssl=1\" src=\"https:\/\/i0.wp.com\/kg-nobitz.de\/kgno\/wp-content\/uploads\/2026\/02\/ChatGPT-Image-11.-Feb.-2026-08_47_12.png?resize=840%2C560&#038;ssl=1\" alt=\"\" class=\"wp-image-1124\" srcset=\"https:\/\/i0.wp.com\/kg-nobitz.de\/kgno\/wp-content\/uploads\/2026\/02\/ChatGPT-Image-11.-Feb.-2026-08_47_12.png?w=1536&amp;ssl=1 1536w, https:\/\/i0.wp.com\/kg-nobitz.de\/kgno\/wp-content\/uploads\/2026\/02\/ChatGPT-Image-11.-Feb.-2026-08_47_12.png?resize=300%2C200&amp;ssl=1 300w, https:\/\/i0.wp.com\/kg-nobitz.de\/kgno\/wp-content\/uploads\/2026\/02\/ChatGPT-Image-11.-Feb.-2026-08_47_12.png?resize=1024%2C683&amp;ssl=1 1024w, https:\/\/i0.wp.com\/kg-nobitz.de\/kgno\/wp-content\/uploads\/2026\/02\/ChatGPT-Image-11.-Feb.-2026-08_47_12.png?resize=768%2C512&amp;ssl=1 768w, https:\/\/i0.wp.com\/kg-nobitz.de\/kgno\/wp-content\/uploads\/2026\/02\/ChatGPT-Image-11.-Feb.-2026-08_47_12.png?resize=1200%2C800&amp;ssl=1 1200w\" sizes=\"auto, (max-width: 709px) 85vw, (max-width: 909px) 67vw, (max-width: 1362px) 62vw, 840px\" \/><\/a><\/figure>\n<\/div>\n\n<div class=\"wp-block-image\">\n<figure class=\"aligncenter size-large\"><img data-recalc-dims=\"1\" loading=\"lazy\" decoding=\"async\" width=\"840\" height=\"592\" data-attachment-id=\"1151\" data-permalink=\"https:\/\/kg-nobitz.de\/kgno\/die-kirchgemeinde-nobitz\/ferien_paddelfreizeit_plakat_a5_quer_im_storystil\/\" data-orig-file=\"https:\/\/i0.wp.com\/kg-nobitz.de\/kgno\/wp-content\/uploads\/2026\/04\/Ferien_Paddelfreizeit_Plakat_A5_quer_im_Storystil.png?fit=2480%2C1748&amp;ssl=1\" data-orig-size=\"2480,1748\" data-comments-opened=\"1\" data-image-meta=\"{&quot;aperture&quot;:&quot;0&quot;,&quot;credit&quot;:&quot;&quot;,&quot;camera&quot;:&quot;&quot;,&quot;caption&quot;:&quot;&quot;,&quot;created_timestamp&quot;:&quot;0&quot;,&quot;copyright&quot;:&quot;&quot;,&quot;focal_length&quot;:&quot;0&quot;,&quot;iso&quot;:&quot;0&quot;,&quot;shutter_speed&quot;:&quot;0&quot;,&quot;title&quot;:&quot;&quot;,&quot;orientation&quot;:&quot;0&quot;}\" data-image-title=\"Ferien_Paddelfreizeit_Plakat_A5_quer_im_Storystil\" data-image-description=\"\" data-image-caption=\"\" data-large-file=\"https:\/\/i0.wp.com\/kg-nobitz.de\/kgno\/wp-content\/uploads\/2026\/04\/Ferien_Paddelfreizeit_Plakat_A5_quer_im_Storystil.png?fit=840%2C592&amp;ssl=1\" src=\"https:\/\/i0.wp.com\/kg-nobitz.de\/kgno\/wp-content\/uploads\/2026\/04\/Ferien_Paddelfreizeit_Plakat_A5_quer_im_Storystil.png?resize=840%2C592&#038;ssl=1\" alt=\"\" class=\"wp-image-1151\" srcset=\"https:\/\/i0.wp.com\/kg-nobitz.de\/kgno\/wp-content\/uploads\/2026\/04\/Ferien_Paddelfreizeit_Plakat_A5_quer_im_Storystil.png?resize=1024%2C722&amp;ssl=1 1024w, https:\/\/i0.wp.com\/kg-nobitz.de\/kgno\/wp-content\/uploads\/2026\/04\/Ferien_Paddelfreizeit_Plakat_A5_quer_im_Storystil.png?resize=300%2C211&amp;ssl=1 300w, https:\/\/i0.wp.com\/kg-nobitz.de\/kgno\/wp-content\/uploads\/2026\/04\/Ferien_Paddelfreizeit_Plakat_A5_quer_im_Storystil.png?resize=768%2C541&amp;ssl=1 768w, https:\/\/i0.wp.com\/kg-nobitz.de\/kgno\/wp-content\/uploads\/2026\/04\/Ferien_Paddelfreizeit_Plakat_A5_quer_im_Storystil.png?resize=1536%2C1083&amp;ssl=1 1536w, https:\/\/i0.wp.com\/kg-nobitz.de\/kgno\/wp-content\/uploads\/2026\/04\/Ferien_Paddelfreizeit_Plakat_A5_quer_im_Storystil.png?resize=2048%2C1444&amp;ssl=1 2048w, https:\/\/i0.wp.com\/kg-nobitz.de\/kgno\/wp-content\/uploads\/2026\/04\/Ferien_Paddelfreizeit_Plakat_A5_quer_im_Storystil.png?resize=1200%2C846&amp;ssl=1 1200w, https:\/\/i0.wp.com\/kg-nobitz.de\/kgno\/wp-content\/uploads\/2026\/04\/Ferien_Paddelfreizeit_Plakat_A5_quer_im_Storystil.png?w=1680&amp;ssl=1 1680w\" sizes=\"auto, (max-width: 709px) 85vw, (max-width: 909px) 67vw, (max-width: 1362px) 62vw, 840px\" \/><\/figure>\n<\/div>\n\n\n<p><strong>\u00d6ffnungszeiten des Gemeindeb\u00fcros Nobitz<\/strong><br>dienstags von 09:00 Uhr bis 11:00 Uhr &#8211; auch f\u00fcr Friedhofsangelegenheit in Nobitz<br>Tel. 03447\/375160- Email: info@kg-nobitz.de<br>Gemeindekirchenrat &#8211; Frau Rosemarie Walther<\/p>\n\n\n\n<p><strong>Sprechstunden Frau Pfarrerin Schneider-Krosse<br><\/strong>nach Vereinbarung <br>Frau Pfarrerin Schneider-Krosse &#8211; Tel.034494\/70061<\/p>\n\n\n\n<h4 class=\"wp-block-heading\">Kontoverbindung der Kirchgemeinde Nobitz<\/h4>\n\n\n\n<p>Gemeindekonto: <br>IBAN: DE80 8306 5408 0003 5159 23 <br>VR-Bank Abg. Land BIC: GENODEF1SLR<\/p>\n\n\n\n<p><\/p>\n\n\n\n<p><\/p>\n","protected":false},"excerpt":{"rendered":"<p>Herzlich Willkommen auf der Webseite der Kirchgemeinde Nobitz Sie finden hier Informationen rund um unser Gemeindeleben, unsere Gemeindearbeit unsere Geschichte und unsere Veranstaltungen. Wir w\u00fcrden uns freuen, wenn Sie sich zu unserer Gemeinde einladen lassen.Vielleicht k\u00f6nnen wir Sie bald bei einer unserer Veranstaltungen oder im Gottesdienst begr\u00fc\u00dfen. \u00d6ffnungszeiten des Gemeindeb\u00fcros Nobitzdienstags von 09:00 Uhr bis &hellip; <a href=\"https:\/\/kg-nobitz.de\/kgno\/\" class=\"more-link\"><span class=\"screen-reader-text\">\u201e&#8230; die Kirchgemeinde Nobitz\u201c <\/span>weiterlesen<\/a><\/p>\n","protected":false},"author":1,"featured_media":0,"parent":0,"menu_order":0,"comment_status":"closed","ping_status":"closed","template":"","meta":{"jetpack_post_was_ever_published":false,"footnotes":""},"class_list":["post-13","page","type-page","status-publish","hentry"],"jetpack_sharing_enabled":true,"jetpack_shortlink":"https:\/\/wp.me\/P9WLS9-d","jetpack-related-posts":[],"_links":{"self":[{"href":"https:\/\/kg-nobitz.de\/kgno\/wp-json\/wp\/v2\/pages\/13","targetHints":{"allow":["GET"]}}],"collection":[{"href":"https:\/\/kg-nobitz.de\/kgno\/wp-json\/wp\/v2\/pages"}],"about":[{"href":"https:\/\/kg-nobitz.de\/kgno\/wp-json\/wp\/v2\/types\/page"}],"author":[{"embeddable":true,"href":"https:\/\/kg-nobitz.de\/kgno\/wp-json\/wp\/v2\/users\/1"}],"replies":[{"embeddable":true,"href":"https:\/\/kg-nobitz.de\/kgno\/wp-json\/wp\/v2\/comments?post=13"}],"version-history":[{"count":10,"href":"https:\/\/kg-nobitz.de\/kgno\/wp-json\/wp\/v2\/pages\/13\/revisions"}],"predecessor-version":[{"id":1152,"href":"https:\/\/kg-nobitz.de\/kgno\/wp-json\/wp\/v2\/pages\/13\/revisions\/1152"}],"wp:attachment":[{"href":"https:\/\/kg-nobitz.de\/kgno\/wp-json\/wp\/v2\/media?parent=13"}],"curies":[{"name":"wp","href":"https:\/\/api.w.org\/{rel}","templated":true}]}}