{"id":139,"date":"2017-01-20T09:43:36","date_gmt":"2017-01-20T08:43:36","guid":{"rendered":"http:\/\/kg-nobitz.de\/kgno\/?page_id=139"},"modified":"2017-01-20T09:43:36","modified_gmt":"2017-01-20T08:43:36","slug":"gebete","status":"publish","type":"page","link":"https:\/\/kg-nobitz.de\/kgno\/gebete\/","title":{"rendered":"Gebete"},"content":{"rendered":"<p><span style=\"font-family: Verdana,Tahoma,Arial,Helvetica,Sans Serif;\"><span style=\"font-size: small;\"><strong>Beten warum &#8211; n\u00fctzt das?<\/strong> <\/span><\/span><\/p>\n<p><span style=\"font-family: Verdana,Tahoma,Arial,Helvetica,Sans Serif; font-size: small;\">Eine Frage, die sich mancher Mensch schon gestellt hat. Und es gibt kaum einen Menschen, der es nicht in irgend einer Form mit Beten schon probiert hat. Die einfachsten Formen des Gebetes sind Sto\u00dfgebete, etwa so: \u201eHerr hilf!\u201c Und die Redewendung, \u201eGott sei Dank!\u201c, die man oft nach der Abwendung einer Gefahr oder wenn man eine schwierige Situation durchstanden hat, h\u00f6rt, ist eigentlich auch ein Gebet. <\/span><\/p>\n<p><span style=\"font-family: Verdana,Tahoma,Arial,Helvetica,Sans Serif;\"><span style=\"font-size: small;\"><b>Im Beten wendet sich der Mensch zu Gott.<\/b> <\/span><\/span><\/p>\n<p><span style=\"font-family: Verdana,Tahoma,Arial,Helvetica,Sans Serif; font-size: small;\">Wie ist das im Umgang mit unseren Mitmenschen? Wir wenden uns ihm doch zu, wenn wir mit ihm reden. Und so ist es auch beim Umgang mit Gott. Mit dem Gebet wenden wir uns Gott zu. Wir \u00f6ffnen uns zu Gott hin, mit aller Freude und mit allem Leid, mit allen sch\u00f6nen Dingen und mit aller Belastung. Und Gott will das, dass wir das tun. <\/span><\/p>\n<p><b><span style=\"font-family: Verdana,Tahoma,Arial,Helvetica,Sans Serif; font-size: small;\">Was k\u00f6nnen wir Gott sagen? <\/span><\/b><\/p>\n<p><span style=\"font-family: Verdana,Tahoma,Arial,Helvetica,Sans Serif; font-size: small;\">Als erstes k\u00f6nnen wir das sagen, was uns im Leben froh macht. Daf\u00fcr d\u00fcrfen wir Gott danken, ihn loben und unsere Freude zum Ausdruck bringen, dass Gott f\u00fcr uns und alle Welt da ist. So beginnen auch die ersten S\u00e4tze des Vaterunsers. Das Vaterunser ist das Lehrgebet Jesu an seine J\u00fcnger. An ihm k\u00f6nnen wir das rechte Beten lernen. So f\u00fchren uns die ersten S\u00e4tze zur Anbetung, zum Lob und zum Dank. Gott d\u00fcrfen wir Vater nennen. Sein Wort bestimmt unser Leben. Und am Kommen seines Reiches d\u00fcrfen wir uns freuen, einerseits darauf warten und andererseits heute schon daf\u00fcr aktiv sein. <\/span><\/p>\n<p><span style=\"font-family: Verdana,Tahoma,Arial,Helvetica,Sans Serif; font-size: small;\">Als zweites k\u00f6nnen wir Gott sagen, was unser Leben schwer macht. Wir d\u00fcrfen ihn bitten um unser t\u00e4gliches Brot. Und das begrenzt sich nicht nur auf das Essen, sondern t\u00e4gliches Brot ist alles, was wir zum Leben brauchen. Wir d\u00fcrfen Gott um Beistand und Hilfe bitten, um Vergebung f\u00fcr uns und andere Menschen. Alles Leid und alles, was uns bedr\u00fcckt, d\u00fcrfen wir ihm bringen und vor ihm aussprechen. Gott darf auch das Pers\u00f6nlichste gesagt werden. <\/span><\/p>\n<p><span style=\"font-family: Verdana,Tahoma,Arial,Helvetica,Sans Serif; font-size: small;\">Manchmal sind wir aber gar nicht mehr in der Lage mit Gott zu reden, so schwer kann die Last des Lebens sein. Dann kann auch unser Schweigen schon zum Gebet werden. In einer Kirche oder in einem \u201estillen K\u00e4mmerlein\u201c vor Gott stehen und schweigen. Gott kennt uns und unser Herz und wei\u00df um unsere Not. <\/span><\/p>\n<p><span style=\"font-family: Verdana,Tahoma,Arial,Helvetica,Sans Serif; font-size: small;\">Da Gott der gro\u00dfe Seelsorger unseres Herzen ist, f\u00fchrt das Aussprechen der Sorgen und Belastungen vor Gott, zum Finden von L\u00f6sungen in unserer Lebenssituation. Es ist fast so \u00e4hnlich, wie beim Seelsorger und Psychologen, wo man auf der Couch beim Aussprechen seiner Lebenssituation zu L\u00f6sung der Probleme findet. Auch das will Gebet sein, nur dass da Gott als der gro\u00dfe Seelsorger am Wirken ist. Beten kann befreien und unsere Seele neu atmen lassen. <\/span><\/p>\n<p><span style=\"font-family: Verdana,Tahoma,Arial,Helvetica,Sans Serif; font-size: small;\">Unsere Gebete stehen unter der Verhei\u00dfung der Erf\u00fcllung: \u201eBittet, so wird euch gegeben; suchet, so werdet ihr finden; klopft an, so wird euch aufgetan.\u201c (Mt. 7,7) Auf diese Worte Jesu k\u00f6nnen wir uns vor Gott berufen und vertrauen, dass Gott unser Gebet erh\u00f6rt. \u201eGott erf\u00fcllt nicht alle unsere W\u00fcnsche, aber alle seine Verhei\u00dfungen\u201c (Dietrich Bonhoeffer). <\/span><\/p>\n<p><span style=\"font-family: Verdana,Tahoma,Arial,Helvetica,Sans Serif;\"><span style=\"font-size: small;\"><b>Wann und wie k\u00f6nnen wir beten?<\/b> <\/span><\/span><\/p>\n<p><span style=\"font-family: Verdana,Tahoma,Arial,Helvetica,Sans Serif; font-size: small;\">Beten k\u00f6nnen wir zu allen Zeiten des Tages. Der Apostel Paulus spricht sogar von einer betenden Lebenshaltung, wenn er die Christen in Thessalonich auffordert: \u201eBetet ohne Unterlass\u201c (1. Thess. 5,17). Feste Zeiten des Gebetes im Ablauf des Tages k\u00f6nnen hilfreich sein zur n\u00f6tigen Ruhe zu finden mit Gott ins Gespr\u00e4ch zu kommen. Der Morgen und der Abend, die Mahlzeiten sind m\u00f6gliche Momente daf\u00fcr. Zeiten der Stille mit Lesen der Bibel und Gebet k\u00f6nnen zu H\u00f6hepunkten des Tages werden und unser Leben pr\u00e4gen und tragen. <\/span><\/p>\n<p><span style=\"font-family: Verdana,Tahoma,Arial,Helvetica,Sans Serif; font-size: small;\">Gemeinschaften des Gebetes, wie das Mittagsgebet in einer Kirche, und das Gebet im Gottesdienst, ermutigen den einzelnen zum Gebet. <\/span><\/p>\n<p><span style=\"font-family: Verdana,Tahoma,Arial,Helvetica,Sans Serif;\"><span style=\"font-size: small;\"><b>Was sollen wir beten?<\/b> <\/span><\/span><\/p>\n<p><span style=\"font-family: Verdana,Tahoma,Arial,Helvetica,Sans Serif; font-size: small;\">Erst einmal k\u00f6nnen wir zu Gott mit unseren eigenen Worten beten, wie wir mit einem Freund oder einer Freundin reden. Dann gibt es Gebete, die uns helfen, wenn uns die Worte fehlen. Da sind die Psalmen, die auch Jesus schon gebetet hat. Das Vaterunser, mit dem uns Jesus das Beten lehrt. In unseren Gesangb\u00fcchern finden wir Gebete f\u00fcr die verschiedenen Lebenslagen. Auch hier auf dieser Webseite sind Gebete zu finden. <\/span><\/p>\n<p><span style=\"font-family: Verdana,Tahoma,Arial,Helvetica,Sans Serif; font-size: small;\">Das H\u00e4ndefalten, manchmal auch das Knien, ein Raum der Stille, eine Kirche, ein Kreuz, eine Kerze k\u00f6nnen uns hilfreich sein zur Stille und zur Besinnung zu finden. <\/span><\/p>\n<p><span style=\"font-family: Verdana,Tahoma,Arial,Helvetica,Sans Serif; font-size: small;\">Sich dann beim Segen zu bekreuzigen, ist nicht unbedingt katholisch, sondern auch bei evangelischen Christen \u00fcblich. <\/span><\/p>\n<p><b><span style=\"font-family: Verdana,Tahoma,Arial,Helvetica,Sans Serif; font-size: small;\">Beten bereichert unser Leben!<\/span><\/b><\/p>\n","protected":false},"excerpt":{"rendered":"<p>Beten warum &#8211; n\u00fctzt das? Eine Frage, die sich mancher Mensch schon gestellt hat. Und es gibt kaum einen Menschen, der es nicht in irgend einer Form mit Beten schon probiert hat. Die einfachsten Formen des Gebetes sind Sto\u00dfgebete, etwa so: \u201eHerr hilf!\u201c Und die Redewendung, \u201eGott sei Dank!\u201c, die man oft nach der Abwendung &hellip; <a href=\"https:\/\/kg-nobitz.de\/kgno\/gebete\/\" class=\"more-link\"><span class=\"screen-reader-text\">\u201eGebete\u201c <\/span>weiterlesen<\/a><\/p>\n","protected":false},"author":1,"featured_media":0,"parent":0,"menu_order":0,"comment_status":"closed","ping_status":"closed","template":"","meta":{"jetpack_post_was_ever_published":false,"footnotes":""},"class_list":["post-139","page","type-page","status-publish","hentry"],"jetpack_sharing_enabled":true,"jetpack_shortlink":"https:\/\/wp.me\/P9WLS9-2f","jetpack-related-posts":[],"_links":{"self":[{"href":"https:\/\/kg-nobitz.de\/kgno\/wp-json\/wp\/v2\/pages\/139","targetHints":{"allow":["GET"]}}],"collection":[{"href":"https:\/\/kg-nobitz.de\/kgno\/wp-json\/wp\/v2\/pages"}],"about":[{"href":"https:\/\/kg-nobitz.de\/kgno\/wp-json\/wp\/v2\/types\/page"}],"author":[{"embeddable":true,"href":"https:\/\/kg-nobitz.de\/kgno\/wp-json\/wp\/v2\/users\/1"}],"replies":[{"embeddable":true,"href":"https:\/\/kg-nobitz.de\/kgno\/wp-json\/wp\/v2\/comments?post=139"}],"version-history":[{"count":1,"href":"https:\/\/kg-nobitz.de\/kgno\/wp-json\/wp\/v2\/pages\/139\/revisions"}],"predecessor-version":[{"id":140,"href":"https:\/\/kg-nobitz.de\/kgno\/wp-json\/wp\/v2\/pages\/139\/revisions\/140"}],"wp:attachment":[{"href":"https:\/\/kg-nobitz.de\/kgno\/wp-json\/wp\/v2\/media?parent=139"}],"curies":[{"name":"wp","href":"https:\/\/api.w.org\/{rel}","templated":true}]}}