{"id":146,"date":"2017-01-20T09:46:48","date_gmt":"2017-01-20T08:46:48","guid":{"rendered":"http:\/\/kg-nobitz.de\/kgno\/?page_id=146"},"modified":"2017-01-20T09:53:55","modified_gmt":"2017-01-20T08:53:55","slug":"lebenssituationen","status":"publish","type":"page","link":"https:\/\/kg-nobitz.de\/kgno\/lebenssituationen\/","title":{"rendered":"Lebenssituationen"},"content":{"rendered":"<p><em><strong>Gebete in verschiedenen Lebenssituationen<\/strong><\/em><\/p>\n<p>Gott, gib mir Gelassenheit,<br \/>\nDinge hinzunehmen, die ich nicht \u00e4ndern kann,<br \/>\nden Mut, Dinge zu \u00e4ndern, die ich \u00e4ndern kann,<br \/>\nund die Weisheit,<br \/>\ndas eine vom anderen zu unterscheiden.<\/p>\n<p><b><i>Bei Krankheit<\/i><\/b><br \/>\nLieber himmlischer Vater, ein neuer Tag beginnt.<br \/>\nGib mir neue Kraft und Geduld.<br \/>\nTr\u00f6ste mich durch dein Wort.<br \/>\nErquicke mich in meiner Mattigkeit.<br \/>\nSei du bei mir, wenn Schmerzen kommen und ich mutlos werde.<br \/>\nLa\u00df mich den Tag bestehen und dankbar annehmen,<br \/>\nwas Menschen mir Gutes erweisen.<br \/>\nDu bist mein Vater, dir vertraue ich mich an.<\/p>\n<p><b><i>Im Sterben<\/i><\/b><br \/>\nWenn ich einmal soll scheiden,<br \/>\nso scheide nicht von mir,<br \/>\nwenn ich den Tod soll leiden,<br \/>\nso tritt du dann herf\u00fcr;<br \/>\nwenn mir am allerb\u00e4ngsten<br \/>\nwird um das Herze sein,<br \/>\nso rei\u00df mich aus den \u00c4ngsten<br \/>\nkraft deiner Angst und Pein.<br \/>\nErscheine mir zum Schilde,<br \/>\nzum Trost in meinem Tod,<br \/>\nund la\u00df mich sehn dein Bilde<br \/>\nin deiner Kreuzesnot.<\/p>\n<p><span style=\"font-family: Verdana,Tahoma,Arial,Helvetica,Sans Serif;\"><span style=\"font-size: small;\"><b>Gebete f\u00fcr Frieden und Vers\u00f6hnung<\/b><\/span><\/span><\/p>\n<p>Wir alle haben ges\u00fcndigt und mangeln des Ruhmes,<br \/>\nden wir bei Gott haben sollten.<br \/>\nDarum la\u00dft uns beten:<br \/>\nVater, vergib!<br \/>\nDen Ha\u00df, der Rasse von Rasse trennt,<br \/>\nVolk von Volk, Klasse von Klasse: Vater, vergib!<br \/>\nDas habs\u00fcchtige Streben der Menschen und V\u00f6lker,<br \/>\nzu besitzen, was nicht ihr eigen ist: Vater, vergib!<br \/>\nDie Besitzgier, die die Arbeit der Menschen ausnutzt<br \/>\nund die Erde verw\u00fcstet: Vater, vergib!<br \/>\nUnseren Neid auf das Wohlergehen und Gl\u00fcck der anderen: Vater,<br \/>\nvergib!<br \/>\nUnsere mangelnde Teilnahme an der Not der<br \/>\nHeimatlosen und Fl\u00fcchtlinge: Vater, vergib!<br \/>\nDen Rausch, der Leib und Leben zugrunde richtet: Vater, vergib!<br \/>\nDen Hochmut, der uns verleitet,<br \/>\nauf uns selbst zu vertrauen und nicht auf dich: Vater, vergib!<br \/>\nLehre uns, o Herr, zu vergeben und uns vergeben zu lassen,<br \/>\nda\u00df wir miteinander und mit dir in Frieden leben.<br \/>\nDarum bitten wir um Christi willen.<\/p>\n<p><span style=\"font-family: Verdana,Tahoma,Arial,Helvetica,Sans Serif; font-size: small;\">O Herr, mach mich zu einem Werkzeug deines Friedens,<br \/>\nda\u00df ich Liebe \u00fcbe, wo man sich ha\u00dft,<br \/>\nda\u00df ich verzeihe, wo man sich beleidigt,<br \/>\nda\u00df ich verbinde, da, wo Streit ist,<br \/>\nda\u00df ich die Wahrheit sage, wo der Irrtum herrscht,<br \/>\nda\u00df ich den Glauben bringe, wo der Zweifel dr\u00fcckt,<br \/>\nda\u00df ich die Hoffnung wecke, wo Verzweiflung qu\u00e4lt,<br \/>\nda\u00df ich ein Licht anz\u00fcnde, wo die Finsternis regiert,<br \/>\nda\u00df ich Freude mache, wo der Kummer wohnt.<br \/>\nHerr, la\u00df du mich trachten:<br \/>\nnicht, da\u00df ich getr\u00f6stet werde, sondern da\u00df ich tr\u00f6ste;<br \/>\nnicht, da\u00df ich verstanden werde, sondern da\u00df ich verstehe;<br \/>\nnicht, da\u00df ich geliebt werde, sondern da\u00df ich liebe. Denn wer da<br \/>\nhingibt, der empf\u00e4ngt;<br \/>\nwer sich selbst vergi\u00dft, der findet;<br \/>\nwer verzeiht, dem wird verziehen;<br \/>\nund wer stirbt, erwacht zum ewigen Leben.<\/span><\/p>\n","protected":false},"excerpt":{"rendered":"<p>Gebete in verschiedenen Lebenssituationen Gott, gib mir Gelassenheit, Dinge hinzunehmen, die ich nicht \u00e4ndern kann, den Mut, Dinge zu \u00e4ndern, die ich \u00e4ndern kann, und die Weisheit, das eine vom anderen zu unterscheiden. Bei Krankheit Lieber himmlischer Vater, ein neuer Tag beginnt. Gib mir neue Kraft und Geduld. Tr\u00f6ste mich durch dein Wort. Erquicke mich &hellip; <a href=\"https:\/\/kg-nobitz.de\/kgno\/lebenssituationen\/\" class=\"more-link\"><span class=\"screen-reader-text\">\u201eLebenssituationen\u201c <\/span>weiterlesen<\/a><\/p>\n","protected":false},"author":1,"featured_media":0,"parent":0,"menu_order":0,"comment_status":"closed","ping_status":"closed","template":"","meta":{"jetpack_post_was_ever_published":false,"footnotes":""},"class_list":["post-146","page","type-page","status-publish","hentry"],"jetpack_sharing_enabled":true,"jetpack_shortlink":"https:\/\/wp.me\/P9WLS9-2m","jetpack-related-posts":[],"_links":{"self":[{"href":"https:\/\/kg-nobitz.de\/kgno\/wp-json\/wp\/v2\/pages\/146","targetHints":{"allow":["GET"]}}],"collection":[{"href":"https:\/\/kg-nobitz.de\/kgno\/wp-json\/wp\/v2\/pages"}],"about":[{"href":"https:\/\/kg-nobitz.de\/kgno\/wp-json\/wp\/v2\/types\/page"}],"author":[{"embeddable":true,"href":"https:\/\/kg-nobitz.de\/kgno\/wp-json\/wp\/v2\/users\/1"}],"replies":[{"embeddable":true,"href":"https:\/\/kg-nobitz.de\/kgno\/wp-json\/wp\/v2\/comments?post=146"}],"version-history":[{"count":3,"href":"https:\/\/kg-nobitz.de\/kgno\/wp-json\/wp\/v2\/pages\/146\/revisions"}],"predecessor-version":[{"id":156,"href":"https:\/\/kg-nobitz.de\/kgno\/wp-json\/wp\/v2\/pages\/146\/revisions\/156"}],"wp:attachment":[{"href":"https:\/\/kg-nobitz.de\/kgno\/wp-json\/wp\/v2\/media?parent=146"}],"curies":[{"name":"wp","href":"https:\/\/api.w.org\/{rel}","templated":true}]}}