{"id":148,"date":"2017-01-20T09:48:56","date_gmt":"2017-01-20T08:48:56","guid":{"rendered":"http:\/\/kg-nobitz.de\/kgno\/?page_id=148"},"modified":"2017-01-20T09:48:56","modified_gmt":"2017-01-20T08:48:56","slug":"lebenglauben","status":"publish","type":"page","link":"https:\/\/kg-nobitz.de\/kgno\/lebenglauben\/","title":{"rendered":"Leben&#038;Glauben"},"content":{"rendered":"<p class=\"bodytext\">Es ist ein Unterwegssein durch unser Leben &#8211; von der Geburt bis zum Tod &#8211; verbunden mit dem Glauben und der Hoffnung auf ein ewiges Leben mit und bei Gott.<\/p>\n<p class=\"bodytext\">\n<p class=\"bodytext\">Doch es ist kein Vertr\u00f6sten auf ein Jenseits &#8211; sondern Motivation und Zielstellung, eine Vision f\u00fcr unser Leben, ein Bild des Glaubens.\u00a0 Diesen Weg m\u00fcssen wir m\u00fcssen nicht allein gehen. Wir brauchen Begleitung. Es ist die gro\u00dfe Zusage Gottes, dass er uns begleiten will.<\/p>\n<p class=\"bodytext\">\n<p class=\"bodytext\">In unserem Leben gibt es bestimmte Fixpunkte &#8211; Stufen, bei denen das besonders deutlich wird.<\/p>\n<p class=\"bodytext\">\n<p class=\"bodytext\"><b>Die Taufe:<\/b> Hier erfahren wir die gro\u00dfe Zusage Gottes, dass er uns bei unserem Namen gerufen hat. Wir geh\u00f6ren zu ihm.<\/p>\n<p class=\"bodytext\">\n<p class=\"bodytext\"><b>Die Konfirmation:<\/b> Das Festmachen unseres Glauben. Die Best\u00e4tigung als Jungendliche, dass wir unser Leben weiter als Christen leben wollen.<\/p>\n<p class=\"bodytext\">\n<p class=\"bodytext\"><b>Die Trauung: <\/b>Die Ehe unter dem Segen Gottes Leben. Die Ehe als die besondere Stiftung Gottes steht auch bunter seinem besonderem Schutz.<\/p>\n<p class=\"bodytext\">\n<p class=\"bodytext\"><b>Die christliche Bestattung:<\/b> Der Tod, wie sehr er auch uns weh tut, hat doch nicht das letzte Wort. Durch die Auferstehung von Jesus Christus wurde seine Endg\u00fcltigkeit besiegt. Das wird an der letzten irdischen Stufe verk\u00fcndet.<\/p>\n","protected":false},"excerpt":{"rendered":"<p>Es ist ein Unterwegssein durch unser Leben &#8211; von der Geburt bis zum Tod &#8211; verbunden mit dem Glauben und der Hoffnung auf ein ewiges Leben mit und bei Gott. Doch es ist kein Vertr\u00f6sten auf ein Jenseits &#8211; sondern Motivation und Zielstellung, eine Vision f\u00fcr unser Leben, ein Bild des Glaubens.\u00a0 Diesen Weg m\u00fcssen &hellip; <a href=\"https:\/\/kg-nobitz.de\/kgno\/lebenglauben\/\" class=\"more-link\"><span class=\"screen-reader-text\">\u201eLeben&#038;Glauben\u201c <\/span>weiterlesen<\/a><\/p>\n","protected":false},"author":1,"featured_media":0,"parent":0,"menu_order":0,"comment_status":"closed","ping_status":"closed","template":"","meta":{"jetpack_post_was_ever_published":false,"footnotes":""},"class_list":["post-148","page","type-page","status-publish","hentry"],"jetpack_sharing_enabled":true,"jetpack_shortlink":"https:\/\/wp.me\/P9WLS9-2o","jetpack-related-posts":[],"_links":{"self":[{"href":"https:\/\/kg-nobitz.de\/kgno\/wp-json\/wp\/v2\/pages\/148","targetHints":{"allow":["GET"]}}],"collection":[{"href":"https:\/\/kg-nobitz.de\/kgno\/wp-json\/wp\/v2\/pages"}],"about":[{"href":"https:\/\/kg-nobitz.de\/kgno\/wp-json\/wp\/v2\/types\/page"}],"author":[{"embeddable":true,"href":"https:\/\/kg-nobitz.de\/kgno\/wp-json\/wp\/v2\/users\/1"}],"replies":[{"embeddable":true,"href":"https:\/\/kg-nobitz.de\/kgno\/wp-json\/wp\/v2\/comments?post=148"}],"version-history":[{"count":1,"href":"https:\/\/kg-nobitz.de\/kgno\/wp-json\/wp\/v2\/pages\/148\/revisions"}],"predecessor-version":[{"id":149,"href":"https:\/\/kg-nobitz.de\/kgno\/wp-json\/wp\/v2\/pages\/148\/revisions\/149"}],"wp:attachment":[{"href":"https:\/\/kg-nobitz.de\/kgno\/wp-json\/wp\/v2\/media?parent=148"}],"curies":[{"name":"wp","href":"https:\/\/api.w.org\/{rel}","templated":true}]}}