{"id":15,"date":"2016-11-17T06:44:05","date_gmt":"2016-11-17T05:44:05","guid":{"rendered":"http:\/\/kg-nobitz.de\/kgno\/?page_id=15"},"modified":"2021-10-20T08:32:47","modified_gmt":"2021-10-20T06:32:47","slug":"die-kirchgemeinde-nobitz-stellt-sich-vor","status":"publish","type":"page","link":"https:\/\/kg-nobitz.de\/kgno\/die-kirchgemeinde-nobitz-stellt-sich-vor\/","title":{"rendered":"&#8230; die Kirchgemeinde Nobitz stellt sich vor"},"content":{"rendered":"\n<p>Kirche &#8211; das hei\u00dft Menschen, die als Christen ihren Glauben gemeinsam leben. Darum werden sie auf diesen Seiten&nbsp;mehr Bilder&nbsp;von dem Gemeindeleben der Kirchgemeinde Nobitz finden&nbsp;und weniger Bilder von den Geb\u00e4uden und Kunstwerken.<\/p>\n\n\n\n<p>Unsere Evangelisch-Lutherische Kirchgemeinde Nobitz befindet sich im Altenburger Land (Ostth\u00fcringen), 5 km von Altenburg, in einem Dreieck zwischen den St\u00e4dten Chemnitz, Gera und Leipzig.<\/p>\n\n\n\n<p>Unsere Kirchgemeinde umfasst den gr\u00f6\u00dferen Teil der kommunalen Gemeinde Nobitz. Die Kirchgemeinde Nobitz geh\u00f6rt zur Evangelischen Kirche in Mitteldeutschland.<br>Gemeindesituation: Zu unserer Kirchgemeinde geh\u00f6ren etwa&nbsp;400 evangelische Christen. Wir befinden uns in einer Diaspora-Situation, denn unserer Orte haben zusammen etwa 2200 Einwohner. Das bedeutet, da\u00df etwa 80 % aller Einwohner keiner Kirche angeh\u00f6ren.<\/p>\n\n\n\n<p>Trotzdem haben wir in unserer Gemeinde ein reges Gemeindeleben. Dar\u00fcber k\u00f6nnen sie sich auf diesen Webseiten \u00fcberzeugen lassen. Vom Gottesdienst bis Friedhof, von Christenlehre bis Kirchenchor, von der Frauenarbeit bis zum Seniorenkreis gibt es in unserer Gemeinde ein vielf\u00e4ltiges Angebot.<\/p>\n\n\n\n<p>Unsere&nbsp;Mission ist es Christsein nicht nur in Gottesdienst und Bibelstunde zu leben, sondern ganzheitlich.<\/p>\n","protected":false},"excerpt":{"rendered":"<p>Kirche &#8211; das hei\u00dft Menschen, die als Christen ihren Glauben gemeinsam leben. Darum werden sie auf diesen Seiten&nbsp;mehr Bilder&nbsp;von dem Gemeindeleben der Kirchgemeinde Nobitz finden&nbsp;und weniger Bilder von den Geb\u00e4uden und Kunstwerken. Unsere Evangelisch-Lutherische Kirchgemeinde Nobitz befindet sich im Altenburger Land (Ostth\u00fcringen), 5 km von Altenburg, in einem Dreieck zwischen den St\u00e4dten Chemnitz, Gera und &hellip; <a href=\"https:\/\/kg-nobitz.de\/kgno\/die-kirchgemeinde-nobitz-stellt-sich-vor\/\" class=\"more-link\"><span class=\"screen-reader-text\">\u201e&#8230; die Kirchgemeinde Nobitz stellt sich vor\u201c <\/span>weiterlesen<\/a><\/p>\n","protected":false},"author":1,"featured_media":0,"parent":0,"menu_order":0,"comment_status":"closed","ping_status":"closed","template":"","meta":{"jetpack_post_was_ever_published":false,"footnotes":""},"class_list":["post-15","page","type-page","status-publish","hentry"],"jetpack_sharing_enabled":true,"jetpack_shortlink":"https:\/\/wp.me\/P9WLS9-f","jetpack-related-posts":[],"_links":{"self":[{"href":"https:\/\/kg-nobitz.de\/kgno\/wp-json\/wp\/v2\/pages\/15","targetHints":{"allow":["GET"]}}],"collection":[{"href":"https:\/\/kg-nobitz.de\/kgno\/wp-json\/wp\/v2\/pages"}],"about":[{"href":"https:\/\/kg-nobitz.de\/kgno\/wp-json\/wp\/v2\/types\/page"}],"author":[{"embeddable":true,"href":"https:\/\/kg-nobitz.de\/kgno\/wp-json\/wp\/v2\/users\/1"}],"replies":[{"embeddable":true,"href":"https:\/\/kg-nobitz.de\/kgno\/wp-json\/wp\/v2\/comments?post=15"}],"version-history":[{"count":2,"href":"https:\/\/kg-nobitz.de\/kgno\/wp-json\/wp\/v2\/pages\/15\/revisions"}],"predecessor-version":[{"id":382,"href":"https:\/\/kg-nobitz.de\/kgno\/wp-json\/wp\/v2\/pages\/15\/revisions\/382"}],"wp:attachment":[{"href":"https:\/\/kg-nobitz.de\/kgno\/wp-json\/wp\/v2\/media?parent=15"}],"curies":[{"name":"wp","href":"https:\/\/api.w.org\/{rel}","templated":true}]}}