{"id":24,"date":"2017-01-18T13:12:09","date_gmt":"2017-01-18T12:12:09","guid":{"rendered":"http:\/\/kg-nobitz.de\/kgno\/?page_id=24"},"modified":"2017-01-18T13:12:09","modified_gmt":"2017-01-18T12:12:09","slug":"impressum","status":"publish","type":"page","link":"https:\/\/kg-nobitz.de\/kgno\/impressum\/","title":{"rendered":"Impressum"},"content":{"rendered":"<table border=\"0\" width=\"100%\">\n<tbody>\n<tr>\n<td align=\"left\"><span style=\"font-family: Verdana,Tahoma,Arial,Helvetica,Sans Serif; font-size: small;\">Evangelisch-Lutherische Kirchengemeinde Nobitz<br \/>\nKirchgasse 5<br \/>\n04603 Nobitz<\/p>\n<p>Tel: 03447 \/ 37 51 60<br \/>\nFax: 03447 \/ 37 51 60<br \/>\nEmail: <\/span><a href=\"mailto:info@kg-nobitz.de\" target=\"_blank\">info@kg-nobitz.de<\/a><br \/>\n<span style=\"font-family: Verdana,Tahoma,Arial,Helvetica,Sans Serif; font-size: small;\">Internet: <a href=\"http:\/\/www.kg-nobitz.de\/\/\" target=\"_self\">www.kg-nobitz.de<\/a><\/p>\n<p>Vertretungsberechtigter Vorstand: <\/span><\/p>\n<table border=\"0\" width=\"100%\">\n<tbody>\n<tr>\n<td align=\"left\"><span style=\"font-family: Verdana,Tahoma,Arial,Helvetica,Sans Serif; font-size: small;\">Evangelisch-Lutherische Kirchengemeinde Nobitz &#8211; Gemeindekirchenrat<\/span><\/td>\n<\/tr>\n<\/tbody>\n<\/table>\n<p><span style=\"font-family: Verdana,Tahoma,Arial,Helvetica,Sans Serif; font-size: small;\"><br \/>\nDie Kirchengemeinde Nobitz ist eine K\u00f6rperschaft des \u00d6ffentlichen Rechtes.<br \/>\nZust\u00e4ndige Aufsichtsbeh\u00f6rden:<br \/>\nKreiskirchenamt Gera Talstra\u00dfe 2 07545 Gera<br \/>\n<\/span><\/td>\n<\/tr>\n<\/tbody>\n<\/table>\n<table border=\"0\" width=\"100%\">\n<tbody>\n<tr>\n<td align=\"left\"><span style=\"font-family: Verdana,Tahoma,Arial,Helvetica,Sans Serif; font-size: small;\">Inhaltlich Verantwortlicher gem\u00e4\u00df \u00a7 6 MDStV:<br \/>\nEvangelisch-Lutherische Kirchengemeinde Nobitz<br \/>\nKirchgasse 5<br \/>\n04603 Nobitz<br \/>\nTel. 03447-375160 <\/span><span style=\"font-family: Verdana,Tahoma,Arial,Helvetica,Sans Serif; font-size: small;\">Email: <\/span><a href=\"mailto:info@kg-nobitz.de\" target=\"_blank\">info@kg-nobitz.de<\/a><br \/>\n<span style=\"font-family: Verdana,Tahoma,Arial,Helvetica,Sans Serif; font-size: small;\"><br \/>\nHaftungshinweis: Trotz sorgf\u00e4ltiger inhaltlicher Kontrolle \u00fcbernehmen wir keine Haftung f\u00fcr die Inhalte externer Links. F\u00fcr den Inhalt der verlinkten Seiten sind ausschlie\u00dflich deren Betreiber verantwortlich.<br \/>\n<\/span><\/td>\n<\/tr>\n<\/tbody>\n<\/table>\n<p><span style=\"font-family: Verdana,Tahoma,Arial,Helvetica,Sans Serif; font-size: small;\"><strong>Datenschutzerkl\u00e4rung <\/strong><br \/>\nWir freuen uns, dass Sie unsere Webseiten besuchen und bedanken uns f\u00fcr Ihr Interesse an unserem Unternehmen, unseren Produkten und unseren Webseiten. Der Schutz Ihrer Privatsph\u00e4re bei der Nutzung unserer Webseiten ist uns wichtig. Daher nehmen Sie bitte nachstehende Informationen zur Kenntnis:<\/span><\/p>\n<p><span style=\"font-family: Verdana,Tahoma,Arial,Helvetica,Sans Serif; font-size: small;\"><strong>Anonyme Datenerhebung<\/strong><br \/>\nSie k\u00f6nnen die Webseiten der Evangelisch-Lutherische Kirchgemeinde Nobitz grunds\u00e4tzlich besuchen, ohne uns mitzuteilen, wer Sie sind. Wir erfahren nur den Namen Ihres Internet Service Providers, die Webseite, von der aus Sie uns besuchen, und die Webseiten, die Sie bei uns besuchen. Diese Informationen werden zu statistischen Zwecken ausgewertet. Sie bleiben als einzelner Nutzer hierbei anonym. <\/span><\/p>\n<p><span style=\"font-family: Verdana,Tahoma,Arial,Helvetica,Sans Serif; font-size: small;\"><strong>Erhebung und Verarbeitung personenbezogener Daten<\/strong><br \/>\nPersonenbezogene Daten werden nur erhoben, wenn Sie uns diese von sich aus, zum Beispiel zur Durchf\u00fchrung eines Vertrages, einer Umfrage oder bei der Registrierung f\u00fcr personalisierte Dienste mitteilen. Im Rahmen der personalisierten Dienste von Evangelisch-Lutherische Kirchengemeinde Nobitz, werden Ihre Registrierungsdaten unter der Voraussetzung Ihrer Einwilligung zum Zwecke von Werbung und Marktforschung sowie zur bedarfsgerechten Gestaltung elektronischer Dienste verarbeitet. Ferner werden im Falle Ihrer Einwilligung die von Ihnen beim Besuch der Evangelisch-Lutherische Kirchengemeinde Nobitz aufgerufenen Informationen zu einem Nutzerprofil zusammengef\u00fcgt, um Ihnen pers\u00f6nlich auf Sie zugeschnittene Werbung anbieten zu k\u00f6nnen. Diese Daten werden in verschl\u00fcsselter Form \u00fcbertragen, um einem Missbrauch der Daten durch Dritte entgegenzuwirken.<\/span><\/p>\n<p><span style=\"font-family: Verdana,Tahoma,Arial,Helvetica,Sans Serif; font-size: small;\"><strong>Export und Verarbeitung der Daten in Staaten au\u00dferhalb des Europ\u00e4ischen Wirtschaftsraumes<\/strong><br \/>\nEs findet kein Export der Daten in Staaten au\u00dferhalb des EWR statt.<\/span><\/p>\n<p><span style=\"font-family: Verdana,Tahoma,Arial,Helvetica,Sans Serif; font-size: small;\"><strong>Nutzung und Weitergabe personenbezogener Daten<\/strong><br \/>\nDie im Rahmen der Webseiten der Evangelisch-Lutherische Kirchgemeinde Nobitz erhobenen personenbezogenen Daten werden ohne Ihre Einwilligung nur zur Vertragsabwicklung und Bearbeitung Ihrer Anfragen genutzt. Dar\u00fcber hinaus erfolgt eine Nutzung Ihrer Daten f\u00fcr Zwecke der Werbung und Marktforschung sowie zur bedarfsgerechten Gestaltung der elektronischen Dienste der Evangelisch-Lutherische Kirchengemeinde Nobitz nur, wenn Sie hierzu zuvor Ihre Einwilligung erteilt haben. Die Nutzung Ihrer Daten f\u00fcr pers\u00f6nlich auf Sie zugeschnittene Werbung erfolgt ebenfalls nur im Falle Ihrer Einwilligung. Es findet keine Weitergabe an Dritte statt. Ihre jeweilige Einwilligung k\u00f6nnen Sie selbstverst\u00e4ndlich jederzeit mit Wirkung f\u00fcr die Zukunft widerrufen.<\/span><\/p>\n<p><span style=\"font-family: Verdana,Tahoma,Arial,Helvetica,Sans Serif; font-size: small;\"><strong>Externe Links<\/strong><br \/>\nZu Ihrer optimalen Information finden Sie auf unseren Seiten Links, die auf Seiten Dritter verweisen. Soweit dies nicht offensichtlich erkennbar sind, weisen wir Sie darauf hin, dass es sich um einen externen Link handelt. Die Evangelisch-Lutherische Kirchengemeinde Nobitz hat keinerlei Einfluss auf den Inhalt und die Gestaltung dieser Seiten anderer Anbieter. Die Garantien dieser Datenschutzerkl\u00e4rung gelten daher selbstverst\u00e4ndlich dort nicht.<\/span><\/p>\n<p><span style=\"font-family: Verdana,Tahoma,Arial,Helvetica,Sans Serif; font-size: small;\"><strong>Weitere Informationen und Kontakte<\/strong><br \/>\nWenn Sie weitere Fragen zum Thema \u201cDatenschutz bei der Evangelisch-Lutherische Kirchengemeinde Nobitz\u201d haben, wenden Sie sich an den Datenschutzbeauftragten unseres Unternehmens. Die Kontaktadresse finden Sie unten. Dort k\u00f6nnen Sie erfragen, welche Ihrer Daten bei uns gespeichert sind. Dar\u00fcber hinaus k\u00f6nnen Sie Ausk\u00fcnfte, L\u00f6schungs- und Berichtigungsw\u00fcnsche zu Ihren Daten und gerne auch Anregungen jederzeit per E-Mail oder Brief an folgende Adresse senden:<br \/>\nEvangelisch-Lutherische Kirchengemeinde Nobitz \u2013 Kirchgasse 5 04603 Nobitz<br \/>\nTel. 03447\/375160 \u2013 <\/span><span style=\"font-family: Verdana,Tahoma,Arial,Helvetica,Sans Serif; font-size: small;\">Email: <\/span><a href=\"mailto:info@kg-nobitz.de\" target=\"_blank\">info@kg-nobitz.de<\/a><\/p>\n","protected":false},"excerpt":{"rendered":"<p>Evangelisch-Lutherische Kirchengemeinde Nobitz Kirchgasse 5 04603 Nobitz Tel: 03447 \/ 37 51 60 Fax: 03447 \/ 37 51 60 Email: info@kg-nobitz.de Internet: www.kg-nobitz.de Vertretungsberechtigter Vorstand: Evangelisch-Lutherische Kirchengemeinde Nobitz &#8211; Gemeindekirchenrat Die Kirchengemeinde Nobitz ist eine K\u00f6rperschaft des \u00d6ffentlichen Rechtes. Zust\u00e4ndige Aufsichtsbeh\u00f6rden: Kreiskirchenamt Gera Talstra\u00dfe 2 07545 Gera Inhaltlich Verantwortlicher gem\u00e4\u00df \u00a7 6 MDStV: Evangelisch-Lutherische Kirchengemeinde &hellip; <a href=\"https:\/\/kg-nobitz.de\/kgno\/impressum\/\" class=\"more-link\"><span class=\"screen-reader-text\">\u201eImpressum\u201c <\/span>weiterlesen<\/a><\/p>\n","protected":false},"author":1,"featured_media":0,"parent":0,"menu_order":0,"comment_status":"closed","ping_status":"closed","template":"","meta":{"jetpack_post_was_ever_published":false,"footnotes":""},"class_list":["post-24","page","type-page","status-publish","hentry"],"jetpack_sharing_enabled":true,"jetpack_shortlink":"https:\/\/wp.me\/P9WLS9-o","jetpack-related-posts":[],"_links":{"self":[{"href":"https:\/\/kg-nobitz.de\/kgno\/wp-json\/wp\/v2\/pages\/24","targetHints":{"allow":["GET"]}}],"collection":[{"href":"https:\/\/kg-nobitz.de\/kgno\/wp-json\/wp\/v2\/pages"}],"about":[{"href":"https:\/\/kg-nobitz.de\/kgno\/wp-json\/wp\/v2\/types\/page"}],"author":[{"embeddable":true,"href":"https:\/\/kg-nobitz.de\/kgno\/wp-json\/wp\/v2\/users\/1"}],"replies":[{"embeddable":true,"href":"https:\/\/kg-nobitz.de\/kgno\/wp-json\/wp\/v2\/comments?post=24"}],"version-history":[{"count":1,"href":"https:\/\/kg-nobitz.de\/kgno\/wp-json\/wp\/v2\/pages\/24\/revisions"}],"predecessor-version":[{"id":25,"href":"https:\/\/kg-nobitz.de\/kgno\/wp-json\/wp\/v2\/pages\/24\/revisions\/25"}],"wp:attachment":[{"href":"https:\/\/kg-nobitz.de\/kgno\/wp-json\/wp\/v2\/media?parent=24"}],"curies":[{"name":"wp","href":"https:\/\/api.w.org\/{rel}","templated":true}]}}