{"id":99,"date":"2017-01-19T14:08:14","date_gmt":"2017-01-19T13:08:14","guid":{"rendered":"http:\/\/kg-nobitz.de\/kgno\/?page_id=99"},"modified":"2017-01-19T14:08:44","modified_gmt":"2017-01-19T13:08:44","slug":"frauentreff-3","status":"publish","type":"page","link":"https:\/\/kg-nobitz.de\/kgno\/frauentreff-3\/","title":{"rendered":"Frauentreff"},"content":{"rendered":"<div align=\"leftr\">\n<p align=\"right\"><span style=\"font-family: Verdana,Tahoma,Arial,Helvetica,Sans Serif; font-size: small;\"><strong>\u00a0&#8230; der Frauentreff<\/strong><\/span><\/p>\n<\/div>\n<p><span style=\"font-family: Verdana,Tahoma,Arial,Helvetica,Sans Serif; font-size: small;\"><img data-recalc-dims=\"1\" loading=\"lazy\" decoding=\"async\" data-attachment-id=\"59\" data-permalink=\"https:\/\/kg-nobitz.de\/kgno\/frauentreff-3\/dscf3370-2\/\" data-orig-file=\"https:\/\/i0.wp.com\/kg-nobitz.de\/kgno\/wp-content\/uploads\/2017\/01\/DSCF3370-1.jpg?fit=4000%2C3000&amp;ssl=1\" data-orig-size=\"4000,3000\" data-comments-opened=\"1\" data-image-meta=\"{&quot;aperture&quot;:&quot;3.4&quot;,&quot;credit&quot;:&quot;&quot;,&quot;camera&quot;:&quot;FinePix F200EXR&quot;,&quot;caption&quot;:&quot;&quot;,&quot;created_timestamp&quot;:&quot;1421263080&quot;,&quot;copyright&quot;:&quot;&quot;,&quot;focal_length&quot;:&quot;7.3&quot;,&quot;iso&quot;:&quot;400&quot;,&quot;shutter_speed&quot;:&quot;0.0166666666667&quot;,&quot;title&quot;:&quot;&quot;,&quot;orientation&quot;:&quot;1&quot;}\" data-image-title=\"DSCF3370\" data-image-description=\"\" data-image-caption=\"\" data-large-file=\"https:\/\/i0.wp.com\/kg-nobitz.de\/kgno\/wp-content\/uploads\/2017\/01\/DSCF3370-1.jpg?fit=840%2C630&amp;ssl=1\" class=\"alignright size-medium wp-image-59\" src=\"https:\/\/i0.wp.com\/kg-nobitz.de\/kgno\/wp-content\/uploads\/2017\/01\/DSCF3370-1.jpg?resize=300%2C225&#038;ssl=1\" alt=\"\" width=\"300\" height=\"225\" srcset=\"https:\/\/i0.wp.com\/kg-nobitz.de\/kgno\/wp-content\/uploads\/2017\/01\/DSCF3370-1.jpg?resize=300%2C225&amp;ssl=1 300w, https:\/\/i0.wp.com\/kg-nobitz.de\/kgno\/wp-content\/uploads\/2017\/01\/DSCF3370-1.jpg?resize=768%2C576&amp;ssl=1 768w, https:\/\/i0.wp.com\/kg-nobitz.de\/kgno\/wp-content\/uploads\/2017\/01\/DSCF3370-1.jpg?resize=1024%2C768&amp;ssl=1 1024w, https:\/\/i0.wp.com\/kg-nobitz.de\/kgno\/wp-content\/uploads\/2017\/01\/DSCF3370-1.jpg?w=1680&amp;ssl=1 1680w, https:\/\/i0.wp.com\/kg-nobitz.de\/kgno\/wp-content\/uploads\/2017\/01\/DSCF3370-1.jpg?w=2520&amp;ssl=1 2520w\" sizes=\"auto, (max-width: 300px) 85vw, 300px\" \/>Unser Frauentreff in Nobitz ist eine Gruppe von Frauen im Alter zwischen drei\u00dfig und\u00a0siebzig Jahren. Seit Fr\u00fchjahr 1990 kommen einmal im Monat etwa 13 Frauen in einer offenen Runde im Pfarrhaus zusammen, um einen gemeinsamen Abend zu verbringen.<\/span><\/p>\n<p>Wir haben ein interresantes und reichhaltiges Programm, da\u00df am Jahresanfang gemeinsam zusammengestellt wird. Christliche Themen, Buchlesungen, Diavor<span style=\"font-family: Verdana,Tahoma,Arial,Helvetica,Sans Serif; font-size: small;\"><span style=\"font-family: Verdana,Tahoma,Arial,Helvetica,Sans Serif;\">tr\u00e4ge, spezielle Frauenthemen, wie Kosmetik oder Frauenarzt, Theater stehen auf dem Programm. In der Oster- und Weihnachtszeit wird gern gebastelt und bei einem Gl\u00e4schen Wein wird gern ein privater Plausch gemacht.<\/span><\/span><\/p>\n<p>Nat\u00fcrlich geht es auch einmal hinaus in die Natur, um die n\u00e4here Umgebung besser kennen zulernen. Ob mit dem Kremser oder dem Rad ist egal und ein gutes Essen geh\u00f6rt nat\u00fcrlich auch dazu. Haben wir Sie neugierig gemacht? Dann schauen Sie mal vorbei, bei uns ist jeder herzlich willkommen.<\/p>\n","protected":false},"excerpt":{"rendered":"<p>\u00a0&#8230; der Frauentreff Unser Frauentreff in Nobitz ist eine Gruppe von Frauen im Alter zwischen drei\u00dfig und\u00a0siebzig Jahren. Seit Fr\u00fchjahr 1990 kommen einmal im Monat etwa 13 Frauen in einer offenen Runde im Pfarrhaus zusammen, um einen gemeinsamen Abend zu verbringen. Wir haben ein interresantes und reichhaltiges Programm, da\u00df am Jahresanfang gemeinsam zusammengestellt wird. Christliche &hellip; <a href=\"https:\/\/kg-nobitz.de\/kgno\/frauentreff-3\/\" class=\"more-link\"><span class=\"screen-reader-text\">\u201eFrauentreff\u201c <\/span>weiterlesen<\/a><\/p>\n","protected":false},"author":1,"featured_media":0,"parent":0,"menu_order":0,"comment_status":"closed","ping_status":"closed","template":"","meta":{"jetpack_post_was_ever_published":false,"footnotes":""},"class_list":["post-99","page","type-page","status-publish","hentry"],"jetpack_sharing_enabled":true,"jetpack_shortlink":"https:\/\/wp.me\/P9WLS9-1B","jetpack-related-posts":[],"_links":{"self":[{"href":"https:\/\/kg-nobitz.de\/kgno\/wp-json\/wp\/v2\/pages\/99","targetHints":{"allow":["GET"]}}],"collection":[{"href":"https:\/\/kg-nobitz.de\/kgno\/wp-json\/wp\/v2\/pages"}],"about":[{"href":"https:\/\/kg-nobitz.de\/kgno\/wp-json\/wp\/v2\/types\/page"}],"author":[{"embeddable":true,"href":"https:\/\/kg-nobitz.de\/kgno\/wp-json\/wp\/v2\/users\/1"}],"replies":[{"embeddable":true,"href":"https:\/\/kg-nobitz.de\/kgno\/wp-json\/wp\/v2\/comments?post=99"}],"version-history":[{"count":2,"href":"https:\/\/kg-nobitz.de\/kgno\/wp-json\/wp\/v2\/pages\/99\/revisions"}],"predecessor-version":[{"id":101,"href":"https:\/\/kg-nobitz.de\/kgno\/wp-json\/wp\/v2\/pages\/99\/revisions\/101"}],"wp:attachment":[{"href":"https:\/\/kg-nobitz.de\/kgno\/wp-json\/wp\/v2\/media?parent=99"}],"curies":[{"name":"wp","href":"https:\/\/api.w.org\/{rel}","templated":true}]}}